{"id":1542,"date":"2023-03-30T05:00:58","date_gmt":"2023-03-30T05:00:58","guid":{"rendered":"https:\/\/birgittelund.com\/?page_id=1542"},"modified":"2023-08-10T08:26:02","modified_gmt":"2023-08-10T08:26:02","slug":"next-open-studio-event","status":"publish","type":"page","link":"https:\/\/www.birgittelund.com\/dk\/next-open-studio-event\/","title":{"rendered":"\u00c5bent Atelier n\u00e6ste gang"},"content":{"rendered":"<p>\r\n    <div>        \r\n    <video id=\"plyr69e5e3543f2b5\" controls class=\"easy-video-player\">\r\n       <source src=\"https:\/\/birgittelund.com\/wp-content\/uploads\/2023\/05\/IMG_9679.mov\" type=\"video\/mp4\" \/>\r\n    <\/video>\r\n    <\/div>    <script>\r\n        const evplayerplyr69e5e3543f2b5 = new Plyr(document.getElementById('plyr69e5e3543f2b5'));\r\n        evplayerplyr69e5e3543f2b5.ratio = '16:9';\r\n        evplayerplyr69e5e3543f2b5.iconUrl = 'https:\/\/www.birgittelund.com\/wp-content\/plugins\/easy-video-player\/lib\/plyr.svg';\r\n        evplayerplyr69e5e3543f2b5.blankVideo = 'https:\/\/www.birgittelund.com\/wp-content\/plugins\/easy-video-player\/lib\/blank.mp4';  \r\n    <\/script><br \/>\n<span dir=\"ltr\" role=\"presentation\">\u00c5BENT ATELIER<br \/>\n<\/span><br \/>\n<span dir=\"ltr\" role=\"presentation\">Hver den f\u00f8rste<\/span> <span dir=\"ltr\" role=\"presentation\">l\u00f8rdag i<\/span> <span dir=\"ltr\" role=\"presentation\">m\u00e5ned<\/span><span dir=\"ltr\" role=\"presentation\">en<\/span> <span dir=\"ltr\" role=\"presentation\">kl.11<\/span><span dir=\"ltr\" role=\"presentation\">&#8211;<\/span><span dir=\"ltr\" role=\"presentation\">15<\/span> <span dir=\"ltr\" role=\"presentation\">(undtaget januar, juli &amp; august,) <\/span><span dir=\"ltr\" role=\"presentation\">afholder jeg et<\/span> <span dir=\"ltr\" role=\"presentation\">\u00c5B<\/span><span dir=\"ltr\" role=\"presentation\">ENT<\/span> <span dir=\"ltr\" role=\"presentation\">ATELIER arrangement<\/span><span dir=\"ltr\" role=\"presentation\">.<\/span> <span dir=\"ltr\" role=\"presentation\">Det foreg<\/span><span dir=\"ltr\" role=\"presentation\">\u00e5r p\u00e5 mit<\/span> <span dir=\"ltr\" role=\"presentation\">charmerende <\/span><span dir=\"ltr\" role=\"presentation\">atelier<\/span> <span dir=\"ltr\" role=\"presentation\">i det gamle baghus,<\/span> <span dir=\"ltr\" role=\"presentation\">KASTELSVEJ 6. Baghuset m.f. 2 sal. 2100 KBH \u00d8. <\/span><span dir=\"ltr\" role=\"presentation\">Der kan du opleve og k\u00f8be mange forskellige billeder. Der<\/span> <span dir=\"ltr\" role=\"presentation\">vil v\u00e6re<\/span> <span dir=\"ltr\" role=\"presentation\">malerier, fotos <\/span><span dir=\"ltr\" role=\"presentation\">og botanical prints<\/span><span dir=\"ltr\" role=\"presentation\">, i mange forskellige<\/span> <span dir=\"ltr\" role=\"presentation\">st\u00f8rrelser, indrammede, uden ramme, p\u00e5 <\/span><span dir=\"ltr\" role=\"presentation\">papir, p\u00e5 l\u00e6rred og i alle prisklasser, fra kr.450,<\/span><span dir=\"ltr\" role=\"presentation\">&#8211;<\/span><\/p>\n<p><span dir=\"ltr\" role=\"presentation\">Den oplagte og s\u00e6rlige gave<\/span><span dir=\"ltr\" role=\"presentation\">id\u00e9 er M\u00c6RKEDAGE. Et malerisk<\/span> <span dir=\"ltr\" role=\"presentation\">koncept. Hvert lille <\/span><span dir=\"ltr\" role=\"presentation\">abstrakte l<\/span><span dir=\"ltr\" role=\"presentation\">andskabsbillede, der er inspireret af<\/span> <span dir=\"ltr\" role=\"presentation\">det<\/span> <span dir=\"ltr\" role=\"presentation\">flade danske landskab og frit <\/span><span dir=\"ltr\" role=\"presentation\">komponeret i alle spektrets farver, er malet med akvarel og gouache p\u00e5 kraftigt <\/span><span dir=\"ltr\" role=\"presentation\">akvarelpapir. Billederne repr\u00e6senterer hver \u00e9n dag p\u00e5 \u00e5ret. Det kan v\u00e6re en <\/span><span dir=\"ltr\" role=\"presentation\">rigtig god gaveid\u00e9 til<\/span> <span dir=\"ltr\" role=\"presentation\">hel<\/span><span dir=\"ltr\" role=\"presentation\">e<\/span> <span dir=\"ltr\" role=\"presentation\">\u00e5rets festligheder.<\/span> <span dir=\"ltr\" role=\"presentation\">Bryllup, d\u00e5b, konfirmation, eksamen, <\/span><span dir=\"ltr\" role=\"presentation\">k\u00e6restedag.<br \/>\n<\/span><br role=\"presentation\"><span dir=\"ltr\" role=\"presentation\">Der er M\u00c6RKEDAGE til alle anledninger. Du kan k\u00f8be en M\u00c6RKEDAG med ramme <\/span><span dir=\"ltr\" role=\"presentation\">til 550kr og uden ramme til 450kr. Du kan s\u00e6tte flere sammen i en stor ramme, eller <\/span><span dir=\"ltr\" role=\"presentation\">h\u00e6nge dem op sammen p\u00e5 v\u00e6ggen i hver sin ramme.<\/span> <span dir=\"ltr\" role=\"presentation\">Du kan komponere din <\/span><span dir=\"ltr\" role=\"presentation\">helt egen samling med dine yndlingsfarver.<\/span> <span dir=\"ltr\" role=\"presentation\">Du kan<\/span> <span dir=\"ltr\" role=\"presentation\">starte din egen kunstsamling.<br \/>\n<\/span><span dir=\"ltr\" role=\"presentation\"><br \/>\n\u00c5BENT ATELIER arrangementet vil blive annonceret p\u00e5 b\u00e5de Instagram og Facebook. VELKOMMEN!<\/span><\/p>","protected":false},"excerpt":{"rendered":"<p>\u00c5BENT ATELIER Hver den f\u00f8rste l\u00f8rdag i m\u00e5neden kl.11&#8211;15 (undtaget januar, juli &amp; august,) afholder jeg et \u00c5BENT ATELIER arrangement. Det foreg\u00e5r p\u00e5 mit charmerende atelier i det gamle baghus, KASTELSVEJ 6. Baghuset m.f. 2 sal. 2100 KBH \u00d8. Der kan du opleve og k\u00f8be mange forskellige billeder. Der vil v\u00e6re malerier, fotos og botanical &#8230; <a title=\"\u00c5bent Atelier n\u00e6ste gang\" class=\"read-more\" href=\"https:\/\/www.birgittelund.com\/dk\/next-open-studio-event\/\" aria-label=\"More on \u00c5bent Atelier n\u00e6ste gang\">Read more<\/a><\/p>\n","protected":false},"author":1,"featured_media":0,"parent":0,"menu_order":0,"comment_status":"closed","ping_status":"closed","template":"","meta":{"ngg_post_thumbnail":0,"footnotes":""},"class_list":["post-1542","page","type-page","status-publish"],"yoast_head":"<!-- This site is optimized with the Yoast SEO plugin v25.9 - https:\/\/yoast.com\/wordpress\/plugins\/seo\/ -->\n<title>\u00c5bent Atelier n\u00e6ste gang - birgittelund<\/title>\n<meta name=\"robots\" content=\"index, follow, max-snippet:-1, max-image-preview:large, max-video-preview:-1\" \/>\n<link rel=\"canonical\" href=\"https:\/\/www.birgittelund.com\/next-open-studio-event\/\" \/>\n<meta property=\"og:locale\" content=\"da_DK\" \/>\n<meta property=\"og:type\" content=\"article\" \/>\n<meta property=\"og:title\" content=\"[:en]Next Open Studio event[:dk]\u00c5bent Atelier n\u00e6ste gang[:] - birgittelund\" \/>\n<meta property=\"og:description\" content=\"\u00c5BENT ATELIER Hver den f\u00f8rste l\u00f8rdag i m\u00e5neden kl.11&#8211;15 (undtaget januar, juli &amp; august,) afholder jeg et \u00c5BENT ATELIER arrangement. Det foreg\u00e5r p\u00e5 mit charmerende atelier i det gamle baghus, KASTELSVEJ 6. Baghuset m.f. 2 sal. 2100 KBH \u00d8. Der kan du opleve og k\u00f8be mange forskellige billeder. Der vil v\u00e6re malerier, fotos og botanical ... Read more\" \/>\n<meta property=\"og:url\" content=\"https:\/\/www.birgittelund.com\/next-open-studio-event\/\" \/>\n<meta property=\"og:site_name\" content=\"birgittelund\" \/>\n<meta property=\"article:modified_time\" content=\"2023-08-10T08:26:02+00:00\" \/>\n<meta name=\"twitter:card\" content=\"summary_large_image\" \/>\n<meta name=\"twitter:label1\" content=\"Estimeret l\u00e6setid\" \/>\n\t<meta name=\"twitter:data1\" content=\"1 minut\" \/>\n<script type=\"application\/ld+json\" class=\"yoast-schema-graph\">{\"@context\":\"https:\/\/schema.org\",\"@graph\":[{\"@type\":\"WebPage\",\"@id\":\"https:\/\/www.birgittelund.com\/next-open-studio-event\/\",\"url\":\"https:\/\/www.birgittelund.com\/next-open-studio-event\/\",\"name\":\"[:en]Next Open Studio event[:dk]\u00c5bent Atelier n\u00e6ste gang[:] - birgittelund\",\"isPartOf\":{\"@id\":\"https:\/\/www.birgittelund.com\/#website\"},\"datePublished\":\"2023-03-30T05:00:58+00:00\",\"dateModified\":\"2023-08-10T08:26:02+00:00\",\"breadcrumb\":{\"@id\":\"https:\/\/www.birgittelund.com\/next-open-studio-event\/#breadcrumb\"},\"inLanguage\":\"da-DK\",\"potentialAction\":[{\"@type\":\"ReadAction\",\"target\":[\"https:\/\/www.birgittelund.com\/next-open-studio-event\/\"]}]},{\"@type\":\"BreadcrumbList\",\"@id\":\"https:\/\/www.birgittelund.com\/next-open-studio-event\/#breadcrumb\",\"itemListElement\":[{\"@type\":\"ListItem\",\"position\":1,\"name\":\"Home\",\"item\":\"https:\/\/www.birgittelund.com\/\"},{\"@type\":\"ListItem\",\"position\":2,\"name\":\"Next Open Studio event\"}]},{\"@type\":\"WebSite\",\"@id\":\"https:\/\/www.birgittelund.com\/#website\",\"url\":\"https:\/\/www.birgittelund.com\/\",\"name\":\"birgittelund\",\"description\":\"birgittelund\",\"publisher\":{\"@id\":\"https:\/\/www.birgittelund.com\/#\/schema\/person\/c4053e6f43a8d7c75c0036d685592195\"},\"potentialAction\":[{\"@type\":\"SearchAction\",\"target\":{\"@type\":\"EntryPoint\",\"urlTemplate\":\"https:\/\/www.birgittelund.com\/?s={search_term_string}\"},\"query-input\":{\"@type\":\"PropertyValueSpecification\",\"valueRequired\":true,\"valueName\":\"search_term_string\"}}],\"inLanguage\":\"da-DK\"},{\"@type\":[\"Person\",\"Organization\"],\"@id\":\"https:\/\/www.birgittelund.com\/#\/schema\/person\/c4053e6f43a8d7c75c0036d685592195\",\"name\":\"birgittelund\",\"image\":{\"@type\":\"ImageObject\",\"inLanguage\":\"da-DK\",\"@id\":\"https:\/\/www.birgittelund.com\/#\/schema\/person\/image\/\",\"url\":\"https:\/\/www.birgittelund.com\/wp-content\/uploads\/2023\/01\/cropped-cropped-bltop20_srcset-large.jpg\",\"contentUrl\":\"https:\/\/www.birgittelund.com\/wp-content\/uploads\/2023\/01\/cropped-cropped-bltop20_srcset-large.jpg\",\"width\":705,\"height\":99,\"caption\":\"birgittelund\"},\"logo\":{\"@id\":\"https:\/\/www.birgittelund.com\/#\/schema\/person\/image\/\"},\"sameAs\":[\"https:\/\/birgittelund.com\"]}]}<\/script>\n<!-- \/ Yoast SEO plugin. -->","yoast_head_json":{"title":"[:en]Next Open Studio event[:dk]\u00c5bent Atelier n\u00e6ste gang[:] - birgittelund","robots":{"index":"index","follow":"follow","max-snippet":"max-snippet:-1","max-image-preview":"max-image-preview:large","max-video-preview":"max-video-preview:-1"},"canonical":"https:\/\/www.birgittelund.com\/next-open-studio-event\/","og_locale":"da_DK","og_type":"article","og_title":"[:en]Next Open Studio event[:dk]\u00c5bent Atelier n\u00e6ste gang[:] - birgittelund","og_description":"\u00c5BENT ATELIER Hver den f\u00f8rste l\u00f8rdag i m\u00e5neden kl.11&#8211;15 (undtaget januar, juli &amp; august,) afholder jeg et \u00c5BENT ATELIER arrangement. Det foreg\u00e5r p\u00e5 mit charmerende atelier i det gamle baghus, KASTELSVEJ 6. Baghuset m.f. 2 sal. 2100 KBH \u00d8. Der kan du opleve og k\u00f8be mange forskellige billeder. Der vil v\u00e6re malerier, fotos og botanical ... Read more","og_url":"https:\/\/www.birgittelund.com\/next-open-studio-event\/","og_site_name":"birgittelund","article_modified_time":"2023-08-10T08:26:02+00:00","twitter_card":"summary_large_image","twitter_misc":{"Estimeret l\u00e6setid":"1 minut"},"schema":{"@context":"https:\/\/schema.org","@graph":[{"@type":"WebPage","@id":"https:\/\/www.birgittelund.com\/next-open-studio-event\/","url":"https:\/\/www.birgittelund.com\/next-open-studio-event\/","name":"[:en]Next Open Studio event[:dk]\u00c5bent Atelier n\u00e6ste gang[:] - birgittelund","isPartOf":{"@id":"https:\/\/www.birgittelund.com\/#website"},"datePublished":"2023-03-30T05:00:58+00:00","dateModified":"2023-08-10T08:26:02+00:00","breadcrumb":{"@id":"https:\/\/www.birgittelund.com\/next-open-studio-event\/#breadcrumb"},"inLanguage":"da-DK","potentialAction":[{"@type":"ReadAction","target":["https:\/\/www.birgittelund.com\/next-open-studio-event\/"]}]},{"@type":"BreadcrumbList","@id":"https:\/\/www.birgittelund.com\/next-open-studio-event\/#breadcrumb","itemListElement":[{"@type":"ListItem","position":1,"name":"Home","item":"https:\/\/www.birgittelund.com\/"},{"@type":"ListItem","position":2,"name":"Next Open Studio event"}]},{"@type":"WebSite","@id":"https:\/\/www.birgittelund.com\/#website","url":"https:\/\/www.birgittelund.com\/","name":"birgittelund","description":"birgittelund","publisher":{"@id":"https:\/\/www.birgittelund.com\/#\/schema\/person\/c4053e6f43a8d7c75c0036d685592195"},"potentialAction":[{"@type":"SearchAction","target":{"@type":"EntryPoint","urlTemplate":"https:\/\/www.birgittelund.com\/?s={search_term_string}"},"query-input":{"@type":"PropertyValueSpecification","valueRequired":true,"valueName":"search_term_string"}}],"inLanguage":"da-DK"},{"@type":["Person","Organization"],"@id":"https:\/\/www.birgittelund.com\/#\/schema\/person\/c4053e6f43a8d7c75c0036d685592195","name":"birgittelund","image":{"@type":"ImageObject","inLanguage":"da-DK","@id":"https:\/\/www.birgittelund.com\/#\/schema\/person\/image\/","url":"https:\/\/www.birgittelund.com\/wp-content\/uploads\/2023\/01\/cropped-cropped-bltop20_srcset-large.jpg","contentUrl":"https:\/\/www.birgittelund.com\/wp-content\/uploads\/2023\/01\/cropped-cropped-bltop20_srcset-large.jpg","width":705,"height":99,"caption":"birgittelund"},"logo":{"@id":"https:\/\/www.birgittelund.com\/#\/schema\/person\/image\/"},"sameAs":["https:\/\/birgittelund.com"]}]}},"_links":{"self":[{"href":"https:\/\/www.birgittelund.com\/dk\/wp-json\/wp\/v2\/pages\/1542","targetHints":{"allow":["GET"]}}],"collection":[{"href":"https:\/\/www.birgittelund.com\/dk\/wp-json\/wp\/v2\/pages"}],"about":[{"href":"https:\/\/www.birgittelund.com\/dk\/wp-json\/wp\/v2\/types\/page"}],"author":[{"embeddable":true,"href":"https:\/\/www.birgittelund.com\/dk\/wp-json\/wp\/v2\/users\/1"}],"replies":[{"embeddable":true,"href":"https:\/\/www.birgittelund.com\/dk\/wp-json\/wp\/v2\/comments?post=1542"}],"version-history":[{"count":26,"href":"https:\/\/www.birgittelund.com\/dk\/wp-json\/wp\/v2\/pages\/1542\/revisions"}],"predecessor-version":[{"id":2288,"href":"https:\/\/www.birgittelund.com\/dk\/wp-json\/wp\/v2\/pages\/1542\/revisions\/2288"}],"wp:attachment":[{"href":"https:\/\/www.birgittelund.com\/dk\/wp-json\/wp\/v2\/media?parent=1542"}],"curies":[{"name":"wp","href":"https:\/\/api.w.org\/{rel}","templated":true}]}}