{"id":369,"date":"2023-01-31T00:49:07","date_gmt":"2023-01-31T00:49:07","guid":{"rendered":"https:\/\/birgittelund.com\/?page_id=369"},"modified":"2023-04-28T14:26:25","modified_gmt":"2023-04-28T14:26:25","slug":"artist-statement","status":"publish","type":"page","link":"https:\/\/www.birgittelund.com\/dk\/artist-statement\/","title":{"rendered":"Kunstnerisk Praksis"},"content":{"rendered":"<p style=\"font-size: 15px; line-height: 18px;\"><strong>Birgitte Lund <\/strong>-Artist Statement<br><br>Archeological Pictorial Landscapes \u2013 by Birgitte Lund<br><br><br>The medium is painting and I work in series.<br><br>My work revolves around the discovery of pictorial landscapes \u2013 like an archeologist uncovering but in reverse order.<br><br>The landscapes are built up through many textured layers.&nbsp; Tracks are left behind on absorbent or repellent surfaces.&nbsp; Lines, marks, calcified figures from my graphical sketches, drawings and earlier works form landmarks on the surface.<br><br>Materials such as cement, fluid rubber, chalk, and shellac are used to lay a grid of expressive tracks.&nbsp; Forms and figures are often covered, revealed and then minimized again, before being emphasized, transformed and made solid.&nbsp; This grid of fragmented stories and implied figures is what I call the pictorial, archeological landscape.<br><br>When the landscape of each picture is fully \u201cdis-excavated\u201d, color takes over.&nbsp; The final color composition is built-up from many layers of glazing \u2013 in some places transparent to emphasize the underlying story and in other areas covered, powerful and dominant. The \u201cskeleton story\u201d in the landscape of the picture is fused together with color, which acts as the body to merge the many layers into one.<br><br>Psychedelic Landscapes and The Relief of Horizontal Lines are two themes that I have worked with since 2006.&nbsp; A two-year period in New York City provided the inspiration and fascination for dividing the surface into horizontal lines and compose landscape paintings.<br><br>In New York I was inspired, fascinated, captivated and overwhelmed by the bombardment of vertical lines. I found myself longing for and often seeking natural, flat (and homely) experiences, which led to the prevalence of powerful horizontal lines in my work.<br><br>My paintings are devised as serial building blocks that can be combined together to complement a space.&nbsp; The elements multiply into a larger work, that flows horizontally and vertically according to the shape and expression of the room.<br><br>Singularly or together the works manifest as a pictorial landscape into which the viewer enters.&nbsp; A landscape that can both appeal to the viewer\u2019s own \u201cstories\u201d, and \u201cplay with\u201d the specific space the paintings are hanging in.<\/p>\r\n<p style=\"font-size: 15px; line-height: 18px;\"><strong>Birgitte Lund <\/strong>\u2013 Kunstnerisk Praksis <br><br>Det billedlige ark\u00e6ologiske landskab <br><br><br>Min kunstneriske praksis er maleri og jeg arbejder i serier.<br><br>I mit kunstneriske arbejde, kredser jeg om at afs\u00f8ge og afd\u00e6kke det billedlige landskab. Som en ark\u00e6olog afs\u00f8ger et fysisk omr\u00e5de, \u2013 bare i omvendt r\u00e6kkef\u00f8lge.<br><br>Maleriet bliver bygget op gennem mange teksturerede lag. Spor afsat p\u00e5 sugende eller afvisende overflader. Linier, tegn, indimellem kalkerede og overf\u00f8rte figurationer fra mine grafiske skitser, tegninger og sort\/hvid fotografier markerer og former orienteringspunkter p\u00e5 overfladen. Materialerne er feks. flydende gummi, cement, kridt, shellak, jeg bruger til atudtryk afs\u00e6tte et grit af ekspressive spor med. Former og figurer der oftest tild\u00e6kkes og sl\u00f8res, minimeres igen, for senere at blive genfremkaldt, understreget eller omformet og konkretiseret. Dette grit af fragmenterede historier og antydede figurer, er d\u00e9t jeg kalder det maleriske ark\u00e6ologiske landskab.<br><br>N\u00e5r maleriets landskab er f\u00e6rdigt excaveret, tager farven over. Den endelige farvekomposition, bygget op i mange lag lasurer, nogle steder gennemskinnelig for at understrege den underliggende historie og andre steder d\u00e6kkende, kraftfuld og dominerende. Farven bliver som en krop der samler \u201cskellettet\u201d- historien i maleriets landskab og de mange forskellige lag smelter sammen til \u00e9t.<br><br><br>Siden 2002 har jeg arbejdet med temaerne: \u201cPsychedelic Landscapes\u201d og \u201cThe relief of horizontal Lines\u201d. Inspirationen til dette og til min optagethed af at komponere landskabelige malerier og at opdele fladen i horisontale striber, udspringer af to \u00e5rs ophold i New York. Jeg var inspireret, fascineret, bjergtaget og overv\u00e6ldet af bombardementet af vertikale linier, og oplevede mig selv l\u00e6nges efter og ofte at ops\u00f8ge naturoplevelser af mere flad (og hjemlig,) karakter. Her startede optagetheden af at implementere horisontale\/landskabelige linier i mine malerier.<br><br><br>Mine v\u00e6rker er t\u00e6nkt som \u201cbyggeklodser\u201d, mange malerier komponeres sammen. Elementer multipliceret til st\u00f8rre v\u00e6rker, der folder sig ud, horisontalt og vertikalt, efter rummets form og udtryk. Som hele skal v\u00e6rkerne fremst\u00e5, som et malerisk landskab beskueren kan tr\u00e6de ind i. Et landskab, der kan appellere til beskuerens egne \u201chistorier\u201d og samtidigt kan causere over og spille op til d\u00e9t specifikke rum de h\u00e6nger i.<\/p><!-- \/wp:paragraph --><!-- wp:post-content --><!-- wp:paragraph {\"style\":{\"typography\":{\"fontSize\":\"15px\"}}} -->\r\n<p style=\"font-size: 15px; line-height: 18px;\"><strong>Birgitte Lund <\/strong>\u2013 Kunstnerisk Praksis <br><br>Det billedlige ark\u00e6ologiske landskab <br><br><br>Min kunstneriske praksis er maleri og jeg arbejder i serier.<br><br>I mit kunstneriske arbejde, kredser jeg om at afs\u00f8ge og afd\u00e6kke det billedlige landskab. Som en ark\u00e6olog afs\u00f8ger et fysisk omr\u00e5de, \u2013 bare i omvendt r\u00e6kkef\u00f8lge.<br><br>Maleriet bliver bygget op gennem mange teksturerede lag. Spor afsat p\u00e5 sugende eller afvisende overflader. Linier, tegn, indimellem kalkerede og overf\u00f8rte figurationer fra mine grafiske skitser, tegninger og sort\/hvid fotografier markerer og former orienteringspunkter p\u00e5 overfladen. Materialerne er feks. flydende gummi, cement, kridt, shellak, jeg bruger til atudtryk afs\u00e6tte et grit af ekspressive spor med. Former og figurer der oftest tild\u00e6kkes og sl\u00f8res, minimeres igen, for senere at blive genfremkaldt, understreget eller omformet og konkretiseret. Dette grit af fragmenterede historier og antydede figurer, er d\u00e9t jeg kalder det maleriske ark\u00e6ologiske landskab.<br><br>N\u00e5r maleriets landskab er f\u00e6rdigt excaveret, tager farven over. Den endelige farvekomposition, bygget op i mange lag lasurer, nogle steder gennemskinnelig for at understrege den underliggende historie og andre steder d\u00e6kkende, kraftfuld og dominerende. Farven bliver som en krop der samler \u201cskellettet\u201d- historien i maleriets landskab og de mange forskellige lag smelter sammen til \u00e9t.<br><br><br>Siden 2002 har jeg arbejdet med temaerne: \u201cPsychedelic Landscapes\u201d og \u201cThe relief of horizontal Lines\u201d. Inspirationen til dette og til min optagethed af at komponere landskabelige malerier og at opdele fladen i horisontale striber, udspringer af to \u00e5rs ophold i New York. Jeg var inspireret, fascineret, bjergtaget og overv\u00e6ldet af bombardementet af vertikale linier, og oplevede mig selv l\u00e6nges efter og ofte at ops\u00f8ge naturoplevelser af mere flad (og hjemlig,) karakter. Her startede optagetheden af at implementere horisontale\/landskabelige linier i mine malerier.<br><br><br>Mine v\u00e6rker er t\u00e6nkt som \u201cbyggeklodser\u201d, mange malerier komponeres sammen. Elementer multipliceret til st\u00f8rre v\u00e6rker, der folder sig ud, horisontalt og vertikalt, efter rummets form og udtryk. Som hele skal v\u00e6rkerne fremst\u00e5, som et malerisk landskab beskueren kan tr\u00e6de ind i. Et landskab, der kan appellere til beskuerens egne \u201chistorier\u201d og samtidigt kan causere over og spille op til d\u00e9t specifikke rum de h\u00e6nger i.<\/p><!-- \/wp:post-content -->","protected":false},"excerpt":{"rendered":"<p>Birgitte Lund -Artist Statement Archeological Pictorial Landscapes \u2013 by Birgitte Lund The medium is painting and I work in series. My work revolves around the discovery of pictorial landscapes \u2013 like an archeologist uncovering but in reverse order. The landscapes are built up through many textured layers.&nbsp; Tracks are left behind on absorbent or repellent &#8230; <a title=\"Kunstnerisk Praksis\" class=\"read-more\" href=\"https:\/\/www.birgittelund.com\/dk\/artist-statement\/\" aria-label=\"More on Kunstnerisk Praksis\">Read more<\/a><\/p>\n","protected":false},"author":1,"featured_media":0,"parent":0,"menu_order":0,"comment_status":"closed","ping_status":"closed","template":"","meta":{"ngg_post_thumbnail":0,"footnotes":""},"class_list":["post-369","page","type-page","status-publish"],"yoast_head":"<!-- This site is optimized with the Yoast SEO plugin v25.9 - https:\/\/yoast.com\/wordpress\/plugins\/seo\/ -->\n<title>Kunstnerisk Praksis - birgittelund<\/title>\n<meta name=\"robots\" content=\"index, follow, max-snippet:-1, max-image-preview:large, max-video-preview:-1\" \/>\n<link rel=\"canonical\" href=\"https:\/\/www.birgittelund.com\/artist-statement\/\" \/>\n<meta property=\"og:locale\" content=\"da_DK\" \/>\n<meta property=\"og:type\" content=\"article\" \/>\n<meta property=\"og:title\" content=\"[:en]Artist Statement[:dk]Kunstnerisk Praksis[:] - birgittelund\" \/>\n<meta property=\"og:description\" content=\"Birgitte Lund -Artist Statement Archeological Pictorial Landscapes \u2013 by Birgitte Lund The medium is painting and I work in series. My work revolves around the discovery of pictorial landscapes \u2013 like an archeologist uncovering but in reverse order. The landscapes are built up through many textured layers.&nbsp; Tracks are left behind on absorbent or repellent ... Read more\" \/>\n<meta property=\"og:url\" content=\"https:\/\/www.birgittelund.com\/artist-statement\/\" \/>\n<meta property=\"og:site_name\" content=\"birgittelund\" \/>\n<meta property=\"article:modified_time\" content=\"2023-04-28T14:26:25+00:00\" \/>\n<meta name=\"twitter:card\" content=\"summary_large_image\" \/>\n<meta name=\"twitter:label1\" content=\"Estimeret l\u00e6setid\" \/>\n\t<meta name=\"twitter:data1\" content=\"4 minutter\" \/>\n<script type=\"application\/ld+json\" class=\"yoast-schema-graph\">{\"@context\":\"https:\/\/schema.org\",\"@graph\":[{\"@type\":\"WebPage\",\"@id\":\"https:\/\/www.birgittelund.com\/artist-statement\/\",\"url\":\"https:\/\/www.birgittelund.com\/artist-statement\/\",\"name\":\"[:en]Artist Statement[:dk]Kunstnerisk Praksis[:] - birgittelund\",\"isPartOf\":{\"@id\":\"https:\/\/www.birgittelund.com\/#website\"},\"datePublished\":\"2023-01-31T00:49:07+00:00\",\"dateModified\":\"2023-04-28T14:26:25+00:00\",\"breadcrumb\":{\"@id\":\"https:\/\/www.birgittelund.com\/artist-statement\/#breadcrumb\"},\"inLanguage\":\"da-DK\",\"potentialAction\":[{\"@type\":\"ReadAction\",\"target\":[\"https:\/\/www.birgittelund.com\/artist-statement\/\"]}]},{\"@type\":\"BreadcrumbList\",\"@id\":\"https:\/\/www.birgittelund.com\/artist-statement\/#breadcrumb\",\"itemListElement\":[{\"@type\":\"ListItem\",\"position\":1,\"name\":\"Home\",\"item\":\"https:\/\/www.birgittelund.com\/\"},{\"@type\":\"ListItem\",\"position\":2,\"name\":\"Artist Statement\"}]},{\"@type\":\"WebSite\",\"@id\":\"https:\/\/www.birgittelund.com\/#website\",\"url\":\"https:\/\/www.birgittelund.com\/\",\"name\":\"birgittelund\",\"description\":\"birgittelund\",\"publisher\":{\"@id\":\"https:\/\/www.birgittelund.com\/#\/schema\/person\/c4053e6f43a8d7c75c0036d685592195\"},\"potentialAction\":[{\"@type\":\"SearchAction\",\"target\":{\"@type\":\"EntryPoint\",\"urlTemplate\":\"https:\/\/www.birgittelund.com\/?s={search_term_string}\"},\"query-input\":{\"@type\":\"PropertyValueSpecification\",\"valueRequired\":true,\"valueName\":\"search_term_string\"}}],\"inLanguage\":\"da-DK\"},{\"@type\":[\"Person\",\"Organization\"],\"@id\":\"https:\/\/www.birgittelund.com\/#\/schema\/person\/c4053e6f43a8d7c75c0036d685592195\",\"name\":\"birgittelund\",\"image\":{\"@type\":\"ImageObject\",\"inLanguage\":\"da-DK\",\"@id\":\"https:\/\/www.birgittelund.com\/#\/schema\/person\/image\/\",\"url\":\"https:\/\/www.birgittelund.com\/wp-content\/uploads\/2023\/01\/cropped-cropped-bltop20_srcset-large.jpg\",\"contentUrl\":\"https:\/\/www.birgittelund.com\/wp-content\/uploads\/2023\/01\/cropped-cropped-bltop20_srcset-large.jpg\",\"width\":705,\"height\":99,\"caption\":\"birgittelund\"},\"logo\":{\"@id\":\"https:\/\/www.birgittelund.com\/#\/schema\/person\/image\/\"},\"sameAs\":[\"https:\/\/birgittelund.com\"]}]}<\/script>\n<!-- \/ Yoast SEO plugin. -->","yoast_head_json":{"title":"[:en]Artist Statement[:dk]Kunstnerisk Praksis[:] - birgittelund","robots":{"index":"index","follow":"follow","max-snippet":"max-snippet:-1","max-image-preview":"max-image-preview:large","max-video-preview":"max-video-preview:-1"},"canonical":"https:\/\/www.birgittelund.com\/artist-statement\/","og_locale":"da_DK","og_type":"article","og_title":"[:en]Artist Statement[:dk]Kunstnerisk Praksis[:] - birgittelund","og_description":"Birgitte Lund -Artist Statement Archeological Pictorial Landscapes \u2013 by Birgitte Lund The medium is painting and I work in series. My work revolves around the discovery of pictorial landscapes \u2013 like an archeologist uncovering but in reverse order. The landscapes are built up through many textured layers.&nbsp; Tracks are left behind on absorbent or repellent ... Read more","og_url":"https:\/\/www.birgittelund.com\/artist-statement\/","og_site_name":"birgittelund","article_modified_time":"2023-04-28T14:26:25+00:00","twitter_card":"summary_large_image","twitter_misc":{"Estimeret l\u00e6setid":"4 minutter"},"schema":{"@context":"https:\/\/schema.org","@graph":[{"@type":"WebPage","@id":"https:\/\/www.birgittelund.com\/artist-statement\/","url":"https:\/\/www.birgittelund.com\/artist-statement\/","name":"[:en]Artist Statement[:dk]Kunstnerisk Praksis[:] - birgittelund","isPartOf":{"@id":"https:\/\/www.birgittelund.com\/#website"},"datePublished":"2023-01-31T00:49:07+00:00","dateModified":"2023-04-28T14:26:25+00:00","breadcrumb":{"@id":"https:\/\/www.birgittelund.com\/artist-statement\/#breadcrumb"},"inLanguage":"da-DK","potentialAction":[{"@type":"ReadAction","target":["https:\/\/www.birgittelund.com\/artist-statement\/"]}]},{"@type":"BreadcrumbList","@id":"https:\/\/www.birgittelund.com\/artist-statement\/#breadcrumb","itemListElement":[{"@type":"ListItem","position":1,"name":"Home","item":"https:\/\/www.birgittelund.com\/"},{"@type":"ListItem","position":2,"name":"Artist Statement"}]},{"@type":"WebSite","@id":"https:\/\/www.birgittelund.com\/#website","url":"https:\/\/www.birgittelund.com\/","name":"birgittelund","description":"birgittelund","publisher":{"@id":"https:\/\/www.birgittelund.com\/#\/schema\/person\/c4053e6f43a8d7c75c0036d685592195"},"potentialAction":[{"@type":"SearchAction","target":{"@type":"EntryPoint","urlTemplate":"https:\/\/www.birgittelund.com\/?s={search_term_string}"},"query-input":{"@type":"PropertyValueSpecification","valueRequired":true,"valueName":"search_term_string"}}],"inLanguage":"da-DK"},{"@type":["Person","Organization"],"@id":"https:\/\/www.birgittelund.com\/#\/schema\/person\/c4053e6f43a8d7c75c0036d685592195","name":"birgittelund","image":{"@type":"ImageObject","inLanguage":"da-DK","@id":"https:\/\/www.birgittelund.com\/#\/schema\/person\/image\/","url":"https:\/\/www.birgittelund.com\/wp-content\/uploads\/2023\/01\/cropped-cropped-bltop20_srcset-large.jpg","contentUrl":"https:\/\/www.birgittelund.com\/wp-content\/uploads\/2023\/01\/cropped-cropped-bltop20_srcset-large.jpg","width":705,"height":99,"caption":"birgittelund"},"logo":{"@id":"https:\/\/www.birgittelund.com\/#\/schema\/person\/image\/"},"sameAs":["https:\/\/birgittelund.com"]}]}},"_links":{"self":[{"href":"https:\/\/www.birgittelund.com\/dk\/wp-json\/wp\/v2\/pages\/369","targetHints":{"allow":["GET"]}}],"collection":[{"href":"https:\/\/www.birgittelund.com\/dk\/wp-json\/wp\/v2\/pages"}],"about":[{"href":"https:\/\/www.birgittelund.com\/dk\/wp-json\/wp\/v2\/types\/page"}],"author":[{"embeddable":true,"href":"https:\/\/www.birgittelund.com\/dk\/wp-json\/wp\/v2\/users\/1"}],"replies":[{"embeddable":true,"href":"https:\/\/www.birgittelund.com\/dk\/wp-json\/wp\/v2\/comments?post=369"}],"version-history":[{"count":51,"href":"https:\/\/www.birgittelund.com\/dk\/wp-json\/wp\/v2\/pages\/369\/revisions"}],"predecessor-version":[{"id":1729,"href":"https:\/\/www.birgittelund.com\/dk\/wp-json\/wp\/v2\/pages\/369\/revisions\/1729"}],"wp:attachment":[{"href":"https:\/\/www.birgittelund.com\/dk\/wp-json\/wp\/v2\/media?parent=369"}],"curies":[{"name":"wp","href":"https:\/\/api.w.org\/{rel}","templated":true}]}}