{"id":373,"date":"2023-01-31T00:49:41","date_gmt":"2023-01-31T00:49:41","guid":{"rendered":"https:\/\/birgittelund.com\/?page_id=373"},"modified":"2023-01-31T01:06:23","modified_gmt":"2023-01-31T01:06:23","slug":"reviews-2","status":"publish","type":"page","link":"https:\/\/www.birgittelund.com\/dk\/reviews-2\/","title":{"rendered":"Omtaler"},"content":{"rendered":"<p><\/p>\n<div class=\"contentArea contentAreaB\"><\/div>\n<div class=\"contentArea contentAreaD\">\n<article class=\"module text\">I forbindelse med Birgitte Lunds udstilling p\u00e5 Kunstcentret Silkeborg Bad sommeren 2015, publiceredes et katalog indeholdende 10 store postkort med malerier samt et h\u00e6fte med omtaler fra hhv. Iben From, direkt\u00f8r ved KunstCentret Silkeborg Bad, kunstkritiker Torben Sangild og arkitekt Kristoffer Haugsted.Yderligere er der en bibliografi skrevet af\u00a0Antonio D\u2019Avossa,\u00a0Kunstkritiker, Professor &amp; Curator, Milano, Italien<\/p>\n<p>L\u00e6s teksterne ved at klikke p\u00e5 links til venstre.<\/p>\n<p><img loading=\"lazy\" decoding=\"async\" class=\"aligncenter wp-image-392\" src=\"https:\/\/birgittelund.com\/wp-content\/uploads\/2023\/01\/b61_srcset-large-300x211.jpg\" alt=\"\" width=\"600\" height=\"422\" srcset=\"https:\/\/www.birgittelund.com\/wp-content\/uploads\/2023\/01\/b61_srcset-large-300x211.jpg 300w, https:\/\/www.birgittelund.com\/wp-content\/uploads\/2023\/01\/b61_srcset-large.jpg 640w\" sizes=\"auto, (max-width: 600px) 100vw, 600px\" \/><\/p>\n<\/article>\n<\/div>\n<p><\/p>","protected":false},"excerpt":{"rendered":"<p>I forbindelse med Birgitte Lunds udstilling p\u00e5 Kunstcentret Silkeborg Bad sommeren 2015, publiceredes et katalog indeholdende 10 store postkort med malerier samt et h\u00e6fte med omtaler fra hhv. Iben From, direkt\u00f8r ved KunstCentret Silkeborg Bad, kunstkritiker Torben Sangild og arkitekt Kristoffer Haugsted.Yderligere er der en bibliografi skrevet af\u00a0Antonio D\u2019Avossa,\u00a0Kunstkritiker, Professor &amp; Curator, Milano, Italien L\u00e6s &#8230; <a title=\"Omtaler\" class=\"read-more\" href=\"https:\/\/www.birgittelund.com\/dk\/reviews-2\/\" aria-label=\"More on Omtaler\">Read more<\/a><\/p>\n","protected":false},"author":1,"featured_media":0,"parent":0,"menu_order":0,"comment_status":"closed","ping_status":"closed","template":"","meta":{"ngg_post_thumbnail":0,"footnotes":""},"class_list":["post-373","page","type-page","status-publish"],"yoast_head":"<!-- This site is optimized with the Yoast SEO plugin v25.9 - https:\/\/yoast.com\/wordpress\/plugins\/seo\/ -->\n<title>Omtaler - birgittelund<\/title>\n<meta name=\"robots\" content=\"index, follow, max-snippet:-1, max-image-preview:large, max-video-preview:-1\" \/>\n<link rel=\"canonical\" href=\"https:\/\/www.birgittelund.com\/reviews-2\/\" \/>\n<meta property=\"og:locale\" content=\"da_DK\" \/>\n<meta property=\"og:type\" content=\"article\" \/>\n<meta property=\"og:title\" content=\"[:en]Reviews[:dk]Omtaler[:] - birgittelund\" \/>\n<meta property=\"og:description\" content=\"I forbindelse med Birgitte Lunds udstilling p\u00e5 Kunstcentret Silkeborg Bad sommeren 2015, publiceredes et katalog indeholdende 10 store postkort med malerier samt et h\u00e6fte med omtaler fra hhv. Iben From, direkt\u00f8r ved KunstCentret Silkeborg Bad, kunstkritiker Torben Sangild og arkitekt Kristoffer Haugsted.Yderligere er der en bibliografi skrevet af\u00a0Antonio D\u2019Avossa,\u00a0Kunstkritiker, Professor &amp; Curator, Milano, Italien L\u00e6s ... Read more\" \/>\n<meta property=\"og:url\" content=\"https:\/\/www.birgittelund.com\/reviews-2\/\" \/>\n<meta property=\"og:site_name\" content=\"birgittelund\" \/>\n<meta property=\"article:modified_time\" content=\"2023-01-31T01:06:23+00:00\" \/>\n<meta property=\"og:image\" content=\"https:\/\/birgittelund.com\/wp-content\/uploads\/2023\/01\/b61_srcset-large-300x211.jpg\" \/>\n<meta name=\"twitter:card\" content=\"summary_large_image\" \/>\n<meta name=\"twitter:label1\" content=\"Estimeret l\u00e6setid\" \/>\n\t<meta name=\"twitter:data1\" content=\"1 minut\" \/>\n<script type=\"application\/ld+json\" class=\"yoast-schema-graph\">{\"@context\":\"https:\/\/schema.org\",\"@graph\":[{\"@type\":\"WebPage\",\"@id\":\"https:\/\/www.birgittelund.com\/reviews-2\/\",\"url\":\"https:\/\/www.birgittelund.com\/reviews-2\/\",\"name\":\"[:en]Reviews[:dk]Omtaler[:] - birgittelund\",\"isPartOf\":{\"@id\":\"https:\/\/www.birgittelund.com\/#website\"},\"primaryImageOfPage\":{\"@id\":\"https:\/\/www.birgittelund.com\/reviews-2\/#primaryimage\"},\"image\":{\"@id\":\"https:\/\/www.birgittelund.com\/reviews-2\/#primaryimage\"},\"thumbnailUrl\":\"https:\/\/birgittelund.com\/wp-content\/uploads\/2023\/01\/b61_srcset-large-300x211.jpg\",\"datePublished\":\"2023-01-31T00:49:41+00:00\",\"dateModified\":\"2023-01-31T01:06:23+00:00\",\"breadcrumb\":{\"@id\":\"https:\/\/www.birgittelund.com\/reviews-2\/#breadcrumb\"},\"inLanguage\":\"da-DK\",\"potentialAction\":[{\"@type\":\"ReadAction\",\"target\":[\"https:\/\/www.birgittelund.com\/reviews-2\/\"]}]},{\"@type\":\"ImageObject\",\"inLanguage\":\"da-DK\",\"@id\":\"https:\/\/www.birgittelund.com\/reviews-2\/#primaryimage\",\"url\":\"https:\/\/birgittelund.com\/wp-content\/uploads\/2023\/01\/b61_srcset-large-300x211.jpg\",\"contentUrl\":\"https:\/\/birgittelund.com\/wp-content\/uploads\/2023\/01\/b61_srcset-large-300x211.jpg\"},{\"@type\":\"BreadcrumbList\",\"@id\":\"https:\/\/www.birgittelund.com\/reviews-2\/#breadcrumb\",\"itemListElement\":[{\"@type\":\"ListItem\",\"position\":1,\"name\":\"Home\",\"item\":\"https:\/\/www.birgittelund.com\/\"},{\"@type\":\"ListItem\",\"position\":2,\"name\":\"Reviews\"}]},{\"@type\":\"WebSite\",\"@id\":\"https:\/\/www.birgittelund.com\/#website\",\"url\":\"https:\/\/www.birgittelund.com\/\",\"name\":\"birgittelund\",\"description\":\"birgittelund\",\"publisher\":{\"@id\":\"https:\/\/www.birgittelund.com\/#\/schema\/person\/c4053e6f43a8d7c75c0036d685592195\"},\"potentialAction\":[{\"@type\":\"SearchAction\",\"target\":{\"@type\":\"EntryPoint\",\"urlTemplate\":\"https:\/\/www.birgittelund.com\/?s={search_term_string}\"},\"query-input\":{\"@type\":\"PropertyValueSpecification\",\"valueRequired\":true,\"valueName\":\"search_term_string\"}}],\"inLanguage\":\"da-DK\"},{\"@type\":[\"Person\",\"Organization\"],\"@id\":\"https:\/\/www.birgittelund.com\/#\/schema\/person\/c4053e6f43a8d7c75c0036d685592195\",\"name\":\"birgittelund\",\"image\":{\"@type\":\"ImageObject\",\"inLanguage\":\"da-DK\",\"@id\":\"https:\/\/www.birgittelund.com\/#\/schema\/person\/image\/\",\"url\":\"https:\/\/www.birgittelund.com\/wp-content\/uploads\/2023\/01\/cropped-cropped-bltop20_srcset-large.jpg\",\"contentUrl\":\"https:\/\/www.birgittelund.com\/wp-content\/uploads\/2023\/01\/cropped-cropped-bltop20_srcset-large.jpg\",\"width\":705,\"height\":99,\"caption\":\"birgittelund\"},\"logo\":{\"@id\":\"https:\/\/www.birgittelund.com\/#\/schema\/person\/image\/\"},\"sameAs\":[\"https:\/\/birgittelund.com\"]}]}<\/script>\n<!-- \/ Yoast SEO plugin. -->","yoast_head_json":{"title":"[:en]Reviews[:dk]Omtaler[:] - birgittelund","robots":{"index":"index","follow":"follow","max-snippet":"max-snippet:-1","max-image-preview":"max-image-preview:large","max-video-preview":"max-video-preview:-1"},"canonical":"https:\/\/www.birgittelund.com\/reviews-2\/","og_locale":"da_DK","og_type":"article","og_title":"[:en]Reviews[:dk]Omtaler[:] - birgittelund","og_description":"I forbindelse med Birgitte Lunds udstilling p\u00e5 Kunstcentret Silkeborg Bad sommeren 2015, publiceredes et katalog indeholdende 10 store postkort med malerier samt et h\u00e6fte med omtaler fra hhv. Iben From, direkt\u00f8r ved KunstCentret Silkeborg Bad, kunstkritiker Torben Sangild og arkitekt Kristoffer Haugsted.Yderligere er der en bibliografi skrevet af\u00a0Antonio D\u2019Avossa,\u00a0Kunstkritiker, Professor &amp; Curator, Milano, Italien L\u00e6s ... Read more","og_url":"https:\/\/www.birgittelund.com\/reviews-2\/","og_site_name":"birgittelund","article_modified_time":"2023-01-31T01:06:23+00:00","og_image":[{"url":"https:\/\/birgittelund.com\/wp-content\/uploads\/2023\/01\/b61_srcset-large-300x211.jpg","type":"","width":"","height":""}],"twitter_card":"summary_large_image","twitter_misc":{"Estimeret l\u00e6setid":"1 minut"},"schema":{"@context":"https:\/\/schema.org","@graph":[{"@type":"WebPage","@id":"https:\/\/www.birgittelund.com\/reviews-2\/","url":"https:\/\/www.birgittelund.com\/reviews-2\/","name":"[:en]Reviews[:dk]Omtaler[:] - birgittelund","isPartOf":{"@id":"https:\/\/www.birgittelund.com\/#website"},"primaryImageOfPage":{"@id":"https:\/\/www.birgittelund.com\/reviews-2\/#primaryimage"},"image":{"@id":"https:\/\/www.birgittelund.com\/reviews-2\/#primaryimage"},"thumbnailUrl":"https:\/\/birgittelund.com\/wp-content\/uploads\/2023\/01\/b61_srcset-large-300x211.jpg","datePublished":"2023-01-31T00:49:41+00:00","dateModified":"2023-01-31T01:06:23+00:00","breadcrumb":{"@id":"https:\/\/www.birgittelund.com\/reviews-2\/#breadcrumb"},"inLanguage":"da-DK","potentialAction":[{"@type":"ReadAction","target":["https:\/\/www.birgittelund.com\/reviews-2\/"]}]},{"@type":"ImageObject","inLanguage":"da-DK","@id":"https:\/\/www.birgittelund.com\/reviews-2\/#primaryimage","url":"https:\/\/birgittelund.com\/wp-content\/uploads\/2023\/01\/b61_srcset-large-300x211.jpg","contentUrl":"https:\/\/birgittelund.com\/wp-content\/uploads\/2023\/01\/b61_srcset-large-300x211.jpg"},{"@type":"BreadcrumbList","@id":"https:\/\/www.birgittelund.com\/reviews-2\/#breadcrumb","itemListElement":[{"@type":"ListItem","position":1,"name":"Home","item":"https:\/\/www.birgittelund.com\/"},{"@type":"ListItem","position":2,"name":"Reviews"}]},{"@type":"WebSite","@id":"https:\/\/www.birgittelund.com\/#website","url":"https:\/\/www.birgittelund.com\/","name":"birgittelund","description":"birgittelund","publisher":{"@id":"https:\/\/www.birgittelund.com\/#\/schema\/person\/c4053e6f43a8d7c75c0036d685592195"},"potentialAction":[{"@type":"SearchAction","target":{"@type":"EntryPoint","urlTemplate":"https:\/\/www.birgittelund.com\/?s={search_term_string}"},"query-input":{"@type":"PropertyValueSpecification","valueRequired":true,"valueName":"search_term_string"}}],"inLanguage":"da-DK"},{"@type":["Person","Organization"],"@id":"https:\/\/www.birgittelund.com\/#\/schema\/person\/c4053e6f43a8d7c75c0036d685592195","name":"birgittelund","image":{"@type":"ImageObject","inLanguage":"da-DK","@id":"https:\/\/www.birgittelund.com\/#\/schema\/person\/image\/","url":"https:\/\/www.birgittelund.com\/wp-content\/uploads\/2023\/01\/cropped-cropped-bltop20_srcset-large.jpg","contentUrl":"https:\/\/www.birgittelund.com\/wp-content\/uploads\/2023\/01\/cropped-cropped-bltop20_srcset-large.jpg","width":705,"height":99,"caption":"birgittelund"},"logo":{"@id":"https:\/\/www.birgittelund.com\/#\/schema\/person\/image\/"},"sameAs":["https:\/\/birgittelund.com"]}]}},"_links":{"self":[{"href":"https:\/\/www.birgittelund.com\/dk\/wp-json\/wp\/v2\/pages\/373","targetHints":{"allow":["GET"]}}],"collection":[{"href":"https:\/\/www.birgittelund.com\/dk\/wp-json\/wp\/v2\/pages"}],"about":[{"href":"https:\/\/www.birgittelund.com\/dk\/wp-json\/wp\/v2\/types\/page"}],"author":[{"embeddable":true,"href":"https:\/\/www.birgittelund.com\/dk\/wp-json\/wp\/v2\/users\/1"}],"replies":[{"embeddable":true,"href":"https:\/\/www.birgittelund.com\/dk\/wp-json\/wp\/v2\/comments?post=373"}],"version-history":[{"count":3,"href":"https:\/\/www.birgittelund.com\/dk\/wp-json\/wp\/v2\/pages\/373\/revisions"}],"predecessor-version":[{"id":394,"href":"https:\/\/www.birgittelund.com\/dk\/wp-json\/wp\/v2\/pages\/373\/revisions\/394"}],"wp:attachment":[{"href":"https:\/\/www.birgittelund.com\/dk\/wp-json\/wp\/v2\/media?parent=373"}],"curies":[{"name":"wp","href":"https:\/\/api.w.org\/{rel}","templated":true}]}}