{"id":375,"date":"2023-01-31T00:50:06","date_gmt":"2023-01-31T00:50:06","guid":{"rendered":"https:\/\/birgittelund.com\/?page_id=375"},"modified":"2023-03-10T07:22:45","modified_gmt":"2023-03-10T07:22:45","slug":"services","status":"publish","type":"page","link":"https:\/\/www.birgittelund.com\/dk\/services\/","title":{"rendered":"Ydelser"},"content":{"rendered":"<div class=\"contentArea contentAreaC\"><article class=\"module text\" style=\"line-height: 20px;font-size: 15px;\"><strong>Jeg tilbyder virksomheder og private:<\/br><\/strong><p>Kunstnerisk inspiration i form af udsmykninger, serier af malerier skabt specielt til virksomheden, der vil visualisere organisationens visioner, gennem abstrakte og \u00e6stetiske udtryk.<\/p>\r\n<p>Design inspiration &#8211; farvedesign og design af \u00e6stetisk arbejdsmilj\u00f8 og arbejdsomr\u00e5der, der kan v\u00e6re med til at udvikle nye erfaringer, skabe nyt\u00e6nkning og finde nye veje frem, for virksomheder og organisationer.<\/p>\r\n<p>Erfaring:<\/p>\r\n<p>&#8211; Jeg har arbejdet for Stadsarkitekten i K\u00f8benhavn, med farve- og indretningsdesign<\/p>\r\n<p>&#8211; Jeg har skabt udsmykninger indenfor den offentlige sektor<\/p>\r\n<p>&#8211; Store og mindre virksomheder har investeret i mine v\u00e6rker.<\/p>\r\n<p>Jeg har udstillet i mange store organisationer. Bla. p\u00e5 Det Danske general Konsulat i New York, Designvirksomheden Paustian i og senest i DR-Byen.<\/p>\r\n\r\n<\/article><\/div>","protected":false},"excerpt":{"rendered":"<p>Jeg tilbyder virksomheder og private: Kunstnerisk inspiration i form af udsmykninger, serier af malerier skabt specielt til virksomheden, der vil visualisere organisationens visioner, gennem abstrakte og \u00e6stetiske udtryk. Design inspiration &#8211; farvedesign og design af \u00e6stetisk arbejdsmilj\u00f8 og arbejdsomr\u00e5der, der kan v\u00e6re med til at udvikle nye erfaringer, skabe nyt\u00e6nkning og finde nye veje frem, &#8230; <a title=\"Ydelser\" class=\"read-more\" href=\"https:\/\/www.birgittelund.com\/dk\/services\/\" aria-label=\"More on Ydelser\">Read more<\/a><\/p>\n","protected":false},"author":1,"featured_media":0,"parent":0,"menu_order":0,"comment_status":"closed","ping_status":"closed","template":"","meta":{"ngg_post_thumbnail":0,"footnotes":""},"class_list":["post-375","page","type-page","status-publish"],"yoast_head":"<!-- This site is optimized with the Yoast SEO plugin v25.9 - https:\/\/yoast.com\/wordpress\/plugins\/seo\/ -->\n<title>Ydelser - birgittelund<\/title>\n<meta name=\"robots\" content=\"index, follow, max-snippet:-1, max-image-preview:large, max-video-preview:-1\" \/>\n<link rel=\"canonical\" href=\"https:\/\/www.birgittelund.com\/services\/\" \/>\n<meta property=\"og:locale\" content=\"da_DK\" \/>\n<meta property=\"og:type\" content=\"article\" \/>\n<meta property=\"og:title\" content=\"[:en]Services[:dk]Ydelser[:] - birgittelund\" \/>\n<meta property=\"og:description\" content=\"Jeg tilbyder virksomheder og private: Kunstnerisk inspiration i form af udsmykninger, serier af malerier skabt specielt til virksomheden, der vil visualisere organisationens visioner, gennem abstrakte og \u00e6stetiske udtryk. Design inspiration &#8211; farvedesign og design af \u00e6stetisk arbejdsmilj\u00f8 og arbejdsomr\u00e5der, der kan v\u00e6re med til at udvikle nye erfaringer, skabe nyt\u00e6nkning og finde nye veje frem, ... Read more\" \/>\n<meta property=\"og:url\" content=\"https:\/\/www.birgittelund.com\/services\/\" \/>\n<meta property=\"og:site_name\" content=\"birgittelund\" \/>\n<meta property=\"article:modified_time\" content=\"2023-03-10T07:22:45+00:00\" \/>\n<meta name=\"twitter:card\" content=\"summary_large_image\" \/>\n<meta name=\"twitter:label1\" content=\"Estimeret l\u00e6setid\" \/>\n\t<meta name=\"twitter:data1\" content=\"1 minut\" \/>\n<script type=\"application\/ld+json\" class=\"yoast-schema-graph\">{\"@context\":\"https:\/\/schema.org\",\"@graph\":[{\"@type\":\"WebPage\",\"@id\":\"https:\/\/www.birgittelund.com\/services\/\",\"url\":\"https:\/\/www.birgittelund.com\/services\/\",\"name\":\"[:en]Services[:dk]Ydelser[:] - birgittelund\",\"isPartOf\":{\"@id\":\"https:\/\/www.birgittelund.com\/#website\"},\"datePublished\":\"2023-01-31T00:50:06+00:00\",\"dateModified\":\"2023-03-10T07:22:45+00:00\",\"breadcrumb\":{\"@id\":\"https:\/\/www.birgittelund.com\/services\/#breadcrumb\"},\"inLanguage\":\"da-DK\",\"potentialAction\":[{\"@type\":\"ReadAction\",\"target\":[\"https:\/\/www.birgittelund.com\/services\/\"]}]},{\"@type\":\"BreadcrumbList\",\"@id\":\"https:\/\/www.birgittelund.com\/services\/#breadcrumb\",\"itemListElement\":[{\"@type\":\"ListItem\",\"position\":1,\"name\":\"Home\",\"item\":\"https:\/\/www.birgittelund.com\/\"},{\"@type\":\"ListItem\",\"position\":2,\"name\":\"Services\"}]},{\"@type\":\"WebSite\",\"@id\":\"https:\/\/www.birgittelund.com\/#website\",\"url\":\"https:\/\/www.birgittelund.com\/\",\"name\":\"birgittelund\",\"description\":\"birgittelund\",\"publisher\":{\"@id\":\"https:\/\/www.birgittelund.com\/#\/schema\/person\/c4053e6f43a8d7c75c0036d685592195\"},\"potentialAction\":[{\"@type\":\"SearchAction\",\"target\":{\"@type\":\"EntryPoint\",\"urlTemplate\":\"https:\/\/www.birgittelund.com\/?s={search_term_string}\"},\"query-input\":{\"@type\":\"PropertyValueSpecification\",\"valueRequired\":true,\"valueName\":\"search_term_string\"}}],\"inLanguage\":\"da-DK\"},{\"@type\":[\"Person\",\"Organization\"],\"@id\":\"https:\/\/www.birgittelund.com\/#\/schema\/person\/c4053e6f43a8d7c75c0036d685592195\",\"name\":\"birgittelund\",\"image\":{\"@type\":\"ImageObject\",\"inLanguage\":\"da-DK\",\"@id\":\"https:\/\/www.birgittelund.com\/#\/schema\/person\/image\/\",\"url\":\"https:\/\/www.birgittelund.com\/wp-content\/uploads\/2023\/01\/cropped-cropped-bltop20_srcset-large.jpg\",\"contentUrl\":\"https:\/\/www.birgittelund.com\/wp-content\/uploads\/2023\/01\/cropped-cropped-bltop20_srcset-large.jpg\",\"width\":705,\"height\":99,\"caption\":\"birgittelund\"},\"logo\":{\"@id\":\"https:\/\/www.birgittelund.com\/#\/schema\/person\/image\/\"},\"sameAs\":[\"https:\/\/birgittelund.com\"]}]}<\/script>\n<!-- \/ Yoast SEO plugin. -->","yoast_head_json":{"title":"[:en]Services[:dk]Ydelser[:] - birgittelund","robots":{"index":"index","follow":"follow","max-snippet":"max-snippet:-1","max-image-preview":"max-image-preview:large","max-video-preview":"max-video-preview:-1"},"canonical":"https:\/\/www.birgittelund.com\/services\/","og_locale":"da_DK","og_type":"article","og_title":"[:en]Services[:dk]Ydelser[:] - birgittelund","og_description":"Jeg tilbyder virksomheder og private: Kunstnerisk inspiration i form af udsmykninger, serier af malerier skabt specielt til virksomheden, der vil visualisere organisationens visioner, gennem abstrakte og \u00e6stetiske udtryk. Design inspiration &#8211; farvedesign og design af \u00e6stetisk arbejdsmilj\u00f8 og arbejdsomr\u00e5der, der kan v\u00e6re med til at udvikle nye erfaringer, skabe nyt\u00e6nkning og finde nye veje frem, ... Read more","og_url":"https:\/\/www.birgittelund.com\/services\/","og_site_name":"birgittelund","article_modified_time":"2023-03-10T07:22:45+00:00","twitter_card":"summary_large_image","twitter_misc":{"Estimeret l\u00e6setid":"1 minut"},"schema":{"@context":"https:\/\/schema.org","@graph":[{"@type":"WebPage","@id":"https:\/\/www.birgittelund.com\/services\/","url":"https:\/\/www.birgittelund.com\/services\/","name":"[:en]Services[:dk]Ydelser[:] - birgittelund","isPartOf":{"@id":"https:\/\/www.birgittelund.com\/#website"},"datePublished":"2023-01-31T00:50:06+00:00","dateModified":"2023-03-10T07:22:45+00:00","breadcrumb":{"@id":"https:\/\/www.birgittelund.com\/services\/#breadcrumb"},"inLanguage":"da-DK","potentialAction":[{"@type":"ReadAction","target":["https:\/\/www.birgittelund.com\/services\/"]}]},{"@type":"BreadcrumbList","@id":"https:\/\/www.birgittelund.com\/services\/#breadcrumb","itemListElement":[{"@type":"ListItem","position":1,"name":"Home","item":"https:\/\/www.birgittelund.com\/"},{"@type":"ListItem","position":2,"name":"Services"}]},{"@type":"WebSite","@id":"https:\/\/www.birgittelund.com\/#website","url":"https:\/\/www.birgittelund.com\/","name":"birgittelund","description":"birgittelund","publisher":{"@id":"https:\/\/www.birgittelund.com\/#\/schema\/person\/c4053e6f43a8d7c75c0036d685592195"},"potentialAction":[{"@type":"SearchAction","target":{"@type":"EntryPoint","urlTemplate":"https:\/\/www.birgittelund.com\/?s={search_term_string}"},"query-input":{"@type":"PropertyValueSpecification","valueRequired":true,"valueName":"search_term_string"}}],"inLanguage":"da-DK"},{"@type":["Person","Organization"],"@id":"https:\/\/www.birgittelund.com\/#\/schema\/person\/c4053e6f43a8d7c75c0036d685592195","name":"birgittelund","image":{"@type":"ImageObject","inLanguage":"da-DK","@id":"https:\/\/www.birgittelund.com\/#\/schema\/person\/image\/","url":"https:\/\/www.birgittelund.com\/wp-content\/uploads\/2023\/01\/cropped-cropped-bltop20_srcset-large.jpg","contentUrl":"https:\/\/www.birgittelund.com\/wp-content\/uploads\/2023\/01\/cropped-cropped-bltop20_srcset-large.jpg","width":705,"height":99,"caption":"birgittelund"},"logo":{"@id":"https:\/\/www.birgittelund.com\/#\/schema\/person\/image\/"},"sameAs":["https:\/\/birgittelund.com"]}]}},"_links":{"self":[{"href":"https:\/\/www.birgittelund.com\/dk\/wp-json\/wp\/v2\/pages\/375","targetHints":{"allow":["GET"]}}],"collection":[{"href":"https:\/\/www.birgittelund.com\/dk\/wp-json\/wp\/v2\/pages"}],"about":[{"href":"https:\/\/www.birgittelund.com\/dk\/wp-json\/wp\/v2\/types\/page"}],"author":[{"embeddable":true,"href":"https:\/\/www.birgittelund.com\/dk\/wp-json\/wp\/v2\/users\/1"}],"replies":[{"embeddable":true,"href":"https:\/\/www.birgittelund.com\/dk\/wp-json\/wp\/v2\/comments?post=375"}],"version-history":[{"count":60,"href":"https:\/\/www.birgittelund.com\/dk\/wp-json\/wp\/v2\/pages\/375\/revisions"}],"predecessor-version":[{"id":1020,"href":"https:\/\/www.birgittelund.com\/dk\/wp-json\/wp\/v2\/pages\/375\/revisions\/1020"}],"wp:attachment":[{"href":"https:\/\/www.birgittelund.com\/dk\/wp-json\/wp\/v2\/media?parent=375"}],"curies":[{"name":"wp","href":"https:\/\/api.w.org\/{rel}","templated":true}]}}