{"id":381,"date":"2023-01-31T00:56:19","date_gmt":"2023-01-31T00:56:19","guid":{"rendered":"https:\/\/birgittelund.com\/?page_id=381"},"modified":"2023-08-10T08:10:59","modified_gmt":"2023-08-10T08:10:59","slug":"torben-sangild","status":"publish","type":"page","link":"https:\/\/www.birgittelund.com\/dk\/torben-sangild\/","title":{"rendered":"Torben Sangild"},"content":{"rendered":"<div class=\"wp-block-columns is-layout-flex wp-container-core-columns-is-layout-9d6595d7 wp-block-columns-is-layout-flex\">\r\n<div class=\"wp-block-column is-layout-flow wp-block-column-is-layout-flow\">\r\n<p style=\"line-height: 20px;\"><strong>Dissonant expeditions\u00a0<\/strong> \/ Torben Sangild<\/br><\/br><\/br>\r\n\r\n\r\nBirgitte Lunds l\u00e6rreder er platforme, hvor ting m\u00f8des. Akrylmalede felter, cement, papirstykker, flydende gummi og andre v\u00e6sker. Aftryk af organiske strukturer. Stram geometri og organiske dryp. De m\u00f8des p\u00e5 l\u00e6rredet og fors\u00f8ger at komme overens i en komposition; en abstrakt collage.<\/br><\/br>\r\n\r\nDet begynder ofte med felter, der inddeler l\u00e6rredet i vandrette b\u00e5nd, som i serien Psykedeliske landskaber. Det kan v\u00e6re umiddelbart smukke farvekompositioner i traditionen fra Mark Rothko. Men den stringente sk\u00f8nhed skal udfordres, og det bliver den med ting der ikke passer ind, som m\u00e5ske endda er irriterende og grimme og ul\u00e6kre. S\u00e5 er der visuel dissonans.<\/br><\/br>\r\n\r\nDissonanserne f\u00e5r ikke bare lov at st\u00e5 og irritere. De bliver formidlede med hinanden og med baggrunden, ved at tilf\u00f8je nye lag og overgange, s\u00e5 der igen opst\u00e5r en balance, uden at de dermed elimineres. Som en \u00f8sters, der f\u00e5r en irritant indenbords og begynder at d\u00e6kke den med perlemor, men standser processen f\u00f8r den bliver en glat perle og lader den balancere i det uafgjorte.<\/br><\/br>\r\n\r\nDe visuelle dissonanser bl\u00f8dg\u00f8res ikke altid lige meget. I en af &#8216;Sub landscapes&#8217; er der en irriterende hvid papirfirkant nede i h\u00f8jre hj\u00f8rne. Den tild\u00e6kker brutalt en bl\u00e5-gr\u00e5-sort plamage, der harmonerer med centrum i billedet. Men s\u00e5dan skal det v\u00e6re. Vi skal ikke have det for nemt. Som regel er dissonanserne dog ikke s\u00e5 krasse. De udg\u00f8r et sp\u00e6ndingsfelt i billedet, som g\u00f8r dets sk\u00f8nhed langtidsholdbar. S\u00e5 man kan blive ved med at se p\u00e5 disse billeder uden at blive f\u00e6rdige med dem.<\/br><\/br>\r\n\r\nOg n\u00e5r man kigger p\u00e5 dem, begynder man uvilk\u00e5rligt at se figurer. S\u00e5dan er vi, det er ikke en svaghed ved os mennesker, det er d\u00e9t, vi har vores sanser til: At genkende verden omkring os. S\u00e5 n\u00e5r vi ser former, der ikke umiddelbart forestiller noget, begynder vi at danne figurationer. Vi ser ansigter og dyr og ting i knaster og pletter og skyer. Det er vores hjernes drift mod at orientere sig. S\u00e5dan er det ogs\u00e5, n\u00e5r vi kigger p\u00e5 abstrakte billeder. P\u00e5 to af de psykedeliske landskaber er der organiske hvide figurer af bemalet gummi, der ligner dele af menneskeskeletter. Et andet &#8216;landskab&#8217; med et gult felt i midten ligner faktisk et bjerglandskab. N\u00e5r der s\u00e5 ogs\u00e5 er en n\u00e6rmest kalligrafisk sort klat, kan det give associationer til fjern \u00d8sten. S\u00e5dan k\u00f8rer hjernen l\u00f8s, og det m\u00e5 den gerne, det er stimulerende, bare man holder associationerne \u00e5bne.<\/br><\/br>\r\nMen billederne fungerer f\u00f8rst og fremmest musikalsk, ikke figurativt; med visuelle klange, harmonier og dissonanser; med rytmer og synkoper. Det er sanselige former, der spiller med hinanden i ensembler, der skaber sammenh\u00e6nge i forskelligheder og skaber forl\u00f8b med ro og vildskab, farver og gr\u00e5toner. De danner dybdesk\u00f8nheder og bliver \u00e5bne landskaber, der indbyder til lange, sanselige ekspeditioner.<\/p>\r\n\r\n\r\n\r\n\r\n\r\n\r\n\r\n\r\n\r\n\r\n\r\n\r\n<\/div>\r\n<\/div>","protected":false},"excerpt":{"rendered":"<p>Dissonant expeditions\u00a0 \/ Torben Sangild Birgitte Lunds l\u00e6rreder er platforme, hvor ting m\u00f8des. Akrylmalede felter, cement, papirstykker, flydende gummi og andre v\u00e6sker. Aftryk af organiske strukturer. Stram geometri og organiske dryp. De m\u00f8des p\u00e5 l\u00e6rredet og fors\u00f8ger at komme overens i en komposition; en abstrakt collage. Det begynder ofte med felter, der inddeler l\u00e6rredet i &#8230; <a title=\"Torben Sangild\" class=\"read-more\" href=\"https:\/\/www.birgittelund.com\/dk\/torben-sangild\/\" aria-label=\"More on Torben Sangild\">Read more<\/a><\/p>\n","protected":false},"author":1,"featured_media":0,"parent":0,"menu_order":0,"comment_status":"closed","ping_status":"closed","template":"","meta":{"ngg_post_thumbnail":0,"footnotes":""},"class_list":["post-381","page","type-page","status-publish"],"yoast_head":"<!-- This site is optimized with the Yoast SEO plugin v25.9 - https:\/\/yoast.com\/wordpress\/plugins\/seo\/ -->\n<title>Torben Sangild - birgittelund<\/title>\n<meta name=\"robots\" content=\"index, follow, max-snippet:-1, max-image-preview:large, max-video-preview:-1\" \/>\n<link rel=\"canonical\" href=\"https:\/\/www.birgittelund.com\/torben-sangild\/\" \/>\n<meta property=\"og:locale\" content=\"da_DK\" \/>\n<meta property=\"og:type\" content=\"article\" \/>\n<meta property=\"og:title\" content=\"Torben Sangild - birgittelund\" \/>\n<meta property=\"og:description\" content=\"Dissonant expeditions\u00a0 \/ Torben Sangild Birgitte Lunds l\u00e6rreder er platforme, hvor ting m\u00f8des. Akrylmalede felter, cement, papirstykker, flydende gummi og andre v\u00e6sker. Aftryk af organiske strukturer. Stram geometri og organiske dryp. De m\u00f8des p\u00e5 l\u00e6rredet og fors\u00f8ger at komme overens i en komposition; en abstrakt collage. Det begynder ofte med felter, der inddeler l\u00e6rredet i ... Read more\" \/>\n<meta property=\"og:url\" content=\"https:\/\/www.birgittelund.com\/torben-sangild\/\" \/>\n<meta property=\"og:site_name\" content=\"birgittelund\" \/>\n<meta property=\"article:modified_time\" content=\"2023-08-10T08:10:59+00:00\" \/>\n<meta name=\"twitter:card\" content=\"summary_large_image\" \/>\n<meta name=\"twitter:label1\" content=\"Estimeret l\u00e6setid\" \/>\n\t<meta name=\"twitter:data1\" content=\"3 minutter\" \/>\n<script type=\"application\/ld+json\" class=\"yoast-schema-graph\">{\"@context\":\"https:\/\/schema.org\",\"@graph\":[{\"@type\":\"WebPage\",\"@id\":\"https:\/\/www.birgittelund.com\/torben-sangild\/\",\"url\":\"https:\/\/www.birgittelund.com\/torben-sangild\/\",\"name\":\"Torben Sangild - birgittelund\",\"isPartOf\":{\"@id\":\"https:\/\/www.birgittelund.com\/#website\"},\"datePublished\":\"2023-01-31T00:56:19+00:00\",\"dateModified\":\"2023-08-10T08:10:59+00:00\",\"breadcrumb\":{\"@id\":\"https:\/\/www.birgittelund.com\/torben-sangild\/#breadcrumb\"},\"inLanguage\":\"da-DK\",\"potentialAction\":[{\"@type\":\"ReadAction\",\"target\":[\"https:\/\/www.birgittelund.com\/torben-sangild\/\"]}]},{\"@type\":\"BreadcrumbList\",\"@id\":\"https:\/\/www.birgittelund.com\/torben-sangild\/#breadcrumb\",\"itemListElement\":[{\"@type\":\"ListItem\",\"position\":1,\"name\":\"Home\",\"item\":\"https:\/\/www.birgittelund.com\/\"},{\"@type\":\"ListItem\",\"position\":2,\"name\":\"Torben Sangild\"}]},{\"@type\":\"WebSite\",\"@id\":\"https:\/\/www.birgittelund.com\/#website\",\"url\":\"https:\/\/www.birgittelund.com\/\",\"name\":\"birgittelund\",\"description\":\"birgittelund\",\"publisher\":{\"@id\":\"https:\/\/www.birgittelund.com\/#\/schema\/person\/c4053e6f43a8d7c75c0036d685592195\"},\"potentialAction\":[{\"@type\":\"SearchAction\",\"target\":{\"@type\":\"EntryPoint\",\"urlTemplate\":\"https:\/\/www.birgittelund.com\/?s={search_term_string}\"},\"query-input\":{\"@type\":\"PropertyValueSpecification\",\"valueRequired\":true,\"valueName\":\"search_term_string\"}}],\"inLanguage\":\"da-DK\"},{\"@type\":[\"Person\",\"Organization\"],\"@id\":\"https:\/\/www.birgittelund.com\/#\/schema\/person\/c4053e6f43a8d7c75c0036d685592195\",\"name\":\"birgittelund\",\"image\":{\"@type\":\"ImageObject\",\"inLanguage\":\"da-DK\",\"@id\":\"https:\/\/www.birgittelund.com\/#\/schema\/person\/image\/\",\"url\":\"https:\/\/www.birgittelund.com\/wp-content\/uploads\/2023\/01\/cropped-cropped-bltop20_srcset-large.jpg\",\"contentUrl\":\"https:\/\/www.birgittelund.com\/wp-content\/uploads\/2023\/01\/cropped-cropped-bltop20_srcset-large.jpg\",\"width\":705,\"height\":99,\"caption\":\"birgittelund\"},\"logo\":{\"@id\":\"https:\/\/www.birgittelund.com\/#\/schema\/person\/image\/\"},\"sameAs\":[\"https:\/\/birgittelund.com\"]}]}<\/script>\n<!-- \/ Yoast SEO plugin. -->","yoast_head_json":{"title":"Torben Sangild - birgittelund","robots":{"index":"index","follow":"follow","max-snippet":"max-snippet:-1","max-image-preview":"max-image-preview:large","max-video-preview":"max-video-preview:-1"},"canonical":"https:\/\/www.birgittelund.com\/torben-sangild\/","og_locale":"da_DK","og_type":"article","og_title":"Torben Sangild - birgittelund","og_description":"Dissonant expeditions\u00a0 \/ Torben Sangild Birgitte Lunds l\u00e6rreder er platforme, hvor ting m\u00f8des. Akrylmalede felter, cement, papirstykker, flydende gummi og andre v\u00e6sker. Aftryk af organiske strukturer. Stram geometri og organiske dryp. De m\u00f8des p\u00e5 l\u00e6rredet og fors\u00f8ger at komme overens i en komposition; en abstrakt collage. Det begynder ofte med felter, der inddeler l\u00e6rredet i ... Read more","og_url":"https:\/\/www.birgittelund.com\/torben-sangild\/","og_site_name":"birgittelund","article_modified_time":"2023-08-10T08:10:59+00:00","twitter_card":"summary_large_image","twitter_misc":{"Estimeret l\u00e6setid":"3 minutter"},"schema":{"@context":"https:\/\/schema.org","@graph":[{"@type":"WebPage","@id":"https:\/\/www.birgittelund.com\/torben-sangild\/","url":"https:\/\/www.birgittelund.com\/torben-sangild\/","name":"Torben Sangild - birgittelund","isPartOf":{"@id":"https:\/\/www.birgittelund.com\/#website"},"datePublished":"2023-01-31T00:56:19+00:00","dateModified":"2023-08-10T08:10:59+00:00","breadcrumb":{"@id":"https:\/\/www.birgittelund.com\/torben-sangild\/#breadcrumb"},"inLanguage":"da-DK","potentialAction":[{"@type":"ReadAction","target":["https:\/\/www.birgittelund.com\/torben-sangild\/"]}]},{"@type":"BreadcrumbList","@id":"https:\/\/www.birgittelund.com\/torben-sangild\/#breadcrumb","itemListElement":[{"@type":"ListItem","position":1,"name":"Home","item":"https:\/\/www.birgittelund.com\/"},{"@type":"ListItem","position":2,"name":"Torben Sangild"}]},{"@type":"WebSite","@id":"https:\/\/www.birgittelund.com\/#website","url":"https:\/\/www.birgittelund.com\/","name":"birgittelund","description":"birgittelund","publisher":{"@id":"https:\/\/www.birgittelund.com\/#\/schema\/person\/c4053e6f43a8d7c75c0036d685592195"},"potentialAction":[{"@type":"SearchAction","target":{"@type":"EntryPoint","urlTemplate":"https:\/\/www.birgittelund.com\/?s={search_term_string}"},"query-input":{"@type":"PropertyValueSpecification","valueRequired":true,"valueName":"search_term_string"}}],"inLanguage":"da-DK"},{"@type":["Person","Organization"],"@id":"https:\/\/www.birgittelund.com\/#\/schema\/person\/c4053e6f43a8d7c75c0036d685592195","name":"birgittelund","image":{"@type":"ImageObject","inLanguage":"da-DK","@id":"https:\/\/www.birgittelund.com\/#\/schema\/person\/image\/","url":"https:\/\/www.birgittelund.com\/wp-content\/uploads\/2023\/01\/cropped-cropped-bltop20_srcset-large.jpg","contentUrl":"https:\/\/www.birgittelund.com\/wp-content\/uploads\/2023\/01\/cropped-cropped-bltop20_srcset-large.jpg","width":705,"height":99,"caption":"birgittelund"},"logo":{"@id":"https:\/\/www.birgittelund.com\/#\/schema\/person\/image\/"},"sameAs":["https:\/\/birgittelund.com"]}]}},"_links":{"self":[{"href":"https:\/\/www.birgittelund.com\/dk\/wp-json\/wp\/v2\/pages\/381","targetHints":{"allow":["GET"]}}],"collection":[{"href":"https:\/\/www.birgittelund.com\/dk\/wp-json\/wp\/v2\/pages"}],"about":[{"href":"https:\/\/www.birgittelund.com\/dk\/wp-json\/wp\/v2\/types\/page"}],"author":[{"embeddable":true,"href":"https:\/\/www.birgittelund.com\/dk\/wp-json\/wp\/v2\/users\/1"}],"replies":[{"embeddable":true,"href":"https:\/\/www.birgittelund.com\/dk\/wp-json\/wp\/v2\/comments?post=381"}],"version-history":[{"count":50,"href":"https:\/\/www.birgittelund.com\/dk\/wp-json\/wp\/v2\/pages\/381\/revisions"}],"predecessor-version":[{"id":2285,"href":"https:\/\/www.birgittelund.com\/dk\/wp-json\/wp\/v2\/pages\/381\/revisions\/2285"}],"wp:attachment":[{"href":"https:\/\/www.birgittelund.com\/dk\/wp-json\/wp\/v2\/media?parent=381"}],"curies":[{"name":"wp","href":"https:\/\/api.w.org\/{rel}","templated":true}]}}