{"id":383,"date":"2023-01-31T00:56:43","date_gmt":"2023-01-31T00:56:43","guid":{"rendered":"https:\/\/birgittelund.com\/?page_id=383"},"modified":"2023-08-10T08:16:13","modified_gmt":"2023-08-10T08:16:13","slug":"antonio-davossa","status":"publish","type":"page","link":"https:\/\/www.birgittelund.com\/dk\/antonio-davossa\/","title":{"rendered":"Antonio D\u2019Avossa"},"content":{"rendered":"<p><\/p>\n<div class=\"contentArea contentAreaD\">\n<article class=\"module text\"><strong>Bibliografi \/&nbsp;<\/strong>Antonio D\u2019Avossa&nbsp;Kunstkritiker, Professor &amp; Curator, Milano, Italien<br \/>\nBirgitte Lund \u2013 i balance.<\/p>\n<p>Birgitte Lunds kunstneriske arbejde er et klart eksempel p\u00e5 hvordan det er muligt tydeligt at artikulere geometrien og materien, farven og linien, udtrykket og syntaksen, reglen og tilf\u00e6ldet i maleriet selvf\u00f8lgeligt og i balance med hinanden.Der er ogs\u00e5 tydelige referencer til den seneste kunsthistorie: Mark Rothko f\u00f8rst og fremmest, art &nbsp;brut, graffitikunsten og nyekspressionismen er sikre holdepunkter i disse referencer.&nbsp; Birgitte Lunds maleri indskriver sig s\u00e5ledes langs den linie, der forener indsigt i manipulation af materien med gl\u00e6de ved farven i dens fremtr\u00e6delsesform som baggrund for en scene som altid foreg\u00e5r i billedets centrum.&nbsp; Det er netop denne konjunktion, som Birgitte Lunds maleri aktiverer.<\/p>\n<p>Alle hendes malerier er komponeret p\u00e5 en overflade som fra omkredsen styrer mod denne forms centrum.&nbsp; Her fremtr\u00e6der s\u00e5 kors, rektangler, kvadrater, kurvede linier, sm\u00e5 former, papirstykker, fotografier, avisudklip som et steds centrum, som maleriets territorie, der forf\u00f8lger den magiske geografi af den eneste dr\u00f8m, af den eneste n\u00f8dvendighed, nemlig det at male.<\/p>\n<p>Farven er s\u00e5ledes ogs\u00e5 i konjunktion med lyset i den mest poetiske sansning nemlig gennem maleriet.&nbsp; Fra et k\u00f8ligt og ofte lysende farvesyn i det nordiske maleri (gr\u00f8n, gr\u00e5, bl\u00e5) passeres &nbsp;der vellykket til et varmt farvevalg (jord, r\u00f8dt, gult, orange).&nbsp; Farver, der stammer fra et varmere univers med visioner fra et omr\u00e5de, som kunstneren ofte har bes\u00f8gt, nemlig \u00d8sten og n\u00e6rmere bestemt Indien.&nbsp; Det er denne \u00e5bning af synsfeltet, denne balancegang mellem farverne, mellem linie og form, det s\u00e6tter disse v\u00e6rker i forbindelse med de virkelige (og tavse) mandalaer, hvor ligev\u00e6gten mellem alle konjunktioner genfinder en menneskelig dimension.<\/p>\n<p>Det er s\u00e5ledes her man finder hendes arbejders s\u00e6rpr\u00e6g.&nbsp; Dette fors\u00f8g p\u00e5, indenfor samme territorie, at f\u00e5 to tankemodeller til at m\u00f8des.&nbsp; To tankemodeller som er adskilte fra hinanden og som har v\u00e6ret i kontrast til hinanden i hele kulturhistorien og derfor ogs\u00e5 i maleriets historie, denne adskillelse som to af de st\u00f8rste malere i den sidste halvdel af det tyvende \u00e5rhundrede (Mark Rothko og Yves Klein) har afs\u00f8gt i yderste konsekvens inden for det klassisk forst\u00e5ede maleri: materie og \u00e5nd.&nbsp; Det er dette m\u00f8des balancegang, eller denne konjunktion, som jeg tidligere har n\u00e6vnt, Birgitte Lund allerede er begyndt at gennemrejse.<\/p>\n<\/article>\n<\/div>\n<p><\/p>","protected":false},"excerpt":{"rendered":"<p>Bibliografi \/&nbsp;Antonio D\u2019Avossa&nbsp;Kunstkritiker, Professor &amp; Curator, Milano, Italien Birgitte Lund \u2013 i balance. Birgitte Lunds kunstneriske arbejde er et klart eksempel p\u00e5 hvordan det er muligt tydeligt at artikulere geometrien og materien, farven og linien, udtrykket og syntaksen, reglen og tilf\u00e6ldet i maleriet selvf\u00f8lgeligt og i balance med hinanden.Der er ogs\u00e5 tydelige referencer til den &#8230; <a title=\"Antonio D\u2019Avossa\" class=\"read-more\" href=\"https:\/\/www.birgittelund.com\/dk\/antonio-davossa\/\" aria-label=\"More on Antonio D\u2019Avossa\">Read more<\/a><\/p>\n","protected":false},"author":1,"featured_media":0,"parent":0,"menu_order":0,"comment_status":"closed","ping_status":"closed","template":"","meta":{"ngg_post_thumbnail":0,"footnotes":""},"class_list":["post-383","page","type-page","status-publish"],"yoast_head":"<!-- This site is optimized with the Yoast SEO plugin v25.9 - https:\/\/yoast.com\/wordpress\/plugins\/seo\/ -->\n<title>Antonio D\u2019Avossa - birgittelund<\/title>\n<meta name=\"robots\" content=\"index, follow, max-snippet:-1, max-image-preview:large, max-video-preview:-1\" \/>\n<link rel=\"canonical\" href=\"https:\/\/www.birgittelund.com\/antonio-davossa\/\" \/>\n<meta property=\"og:locale\" content=\"da_DK\" \/>\n<meta property=\"og:type\" content=\"article\" \/>\n<meta property=\"og:title\" content=\"Antonio D\u2019Avossa - birgittelund\" \/>\n<meta property=\"og:description\" content=\"Bibliografi \/&nbsp;Antonio D\u2019Avossa&nbsp;Kunstkritiker, Professor &amp; Curator, Milano, Italien Birgitte Lund \u2013 i balance. Birgitte Lunds kunstneriske arbejde er et klart eksempel p\u00e5 hvordan det er muligt tydeligt at artikulere geometrien og materien, farven og linien, udtrykket og syntaksen, reglen og tilf\u00e6ldet i maleriet selvf\u00f8lgeligt og i balance med hinanden.Der er ogs\u00e5 tydelige referencer til den ... Read more\" \/>\n<meta property=\"og:url\" content=\"https:\/\/www.birgittelund.com\/antonio-davossa\/\" \/>\n<meta property=\"og:site_name\" content=\"birgittelund\" \/>\n<meta property=\"article:modified_time\" content=\"2023-08-10T08:16:13+00:00\" \/>\n<meta name=\"twitter:card\" content=\"summary_large_image\" \/>\n<meta name=\"twitter:label1\" content=\"Estimeret l\u00e6setid\" \/>\n\t<meta name=\"twitter:data1\" content=\"2 minutter\" \/>\n<script type=\"application\/ld+json\" class=\"yoast-schema-graph\">{\"@context\":\"https:\/\/schema.org\",\"@graph\":[{\"@type\":\"WebPage\",\"@id\":\"https:\/\/www.birgittelund.com\/antonio-davossa\/\",\"url\":\"https:\/\/www.birgittelund.com\/antonio-davossa\/\",\"name\":\"Antonio D\u2019Avossa - birgittelund\",\"isPartOf\":{\"@id\":\"https:\/\/www.birgittelund.com\/#website\"},\"datePublished\":\"2023-01-31T00:56:43+00:00\",\"dateModified\":\"2023-08-10T08:16:13+00:00\",\"breadcrumb\":{\"@id\":\"https:\/\/www.birgittelund.com\/antonio-davossa\/#breadcrumb\"},\"inLanguage\":\"da-DK\",\"potentialAction\":[{\"@type\":\"ReadAction\",\"target\":[\"https:\/\/www.birgittelund.com\/antonio-davossa\/\"]}]},{\"@type\":\"BreadcrumbList\",\"@id\":\"https:\/\/www.birgittelund.com\/antonio-davossa\/#breadcrumb\",\"itemListElement\":[{\"@type\":\"ListItem\",\"position\":1,\"name\":\"Home\",\"item\":\"https:\/\/www.birgittelund.com\/\"},{\"@type\":\"ListItem\",\"position\":2,\"name\":\"Antonio D\u2019Avossa\"}]},{\"@type\":\"WebSite\",\"@id\":\"https:\/\/www.birgittelund.com\/#website\",\"url\":\"https:\/\/www.birgittelund.com\/\",\"name\":\"birgittelund\",\"description\":\"birgittelund\",\"publisher\":{\"@id\":\"https:\/\/www.birgittelund.com\/#\/schema\/person\/c4053e6f43a8d7c75c0036d685592195\"},\"potentialAction\":[{\"@type\":\"SearchAction\",\"target\":{\"@type\":\"EntryPoint\",\"urlTemplate\":\"https:\/\/www.birgittelund.com\/?s={search_term_string}\"},\"query-input\":{\"@type\":\"PropertyValueSpecification\",\"valueRequired\":true,\"valueName\":\"search_term_string\"}}],\"inLanguage\":\"da-DK\"},{\"@type\":[\"Person\",\"Organization\"],\"@id\":\"https:\/\/www.birgittelund.com\/#\/schema\/person\/c4053e6f43a8d7c75c0036d685592195\",\"name\":\"birgittelund\",\"image\":{\"@type\":\"ImageObject\",\"inLanguage\":\"da-DK\",\"@id\":\"https:\/\/www.birgittelund.com\/#\/schema\/person\/image\/\",\"url\":\"https:\/\/www.birgittelund.com\/wp-content\/uploads\/2023\/01\/cropped-cropped-bltop20_srcset-large.jpg\",\"contentUrl\":\"https:\/\/www.birgittelund.com\/wp-content\/uploads\/2023\/01\/cropped-cropped-bltop20_srcset-large.jpg\",\"width\":705,\"height\":99,\"caption\":\"birgittelund\"},\"logo\":{\"@id\":\"https:\/\/www.birgittelund.com\/#\/schema\/person\/image\/\"},\"sameAs\":[\"https:\/\/birgittelund.com\"]}]}<\/script>\n<!-- \/ Yoast SEO plugin. -->","yoast_head_json":{"title":"Antonio D\u2019Avossa - birgittelund","robots":{"index":"index","follow":"follow","max-snippet":"max-snippet:-1","max-image-preview":"max-image-preview:large","max-video-preview":"max-video-preview:-1"},"canonical":"https:\/\/www.birgittelund.com\/antonio-davossa\/","og_locale":"da_DK","og_type":"article","og_title":"Antonio D\u2019Avossa - birgittelund","og_description":"Bibliografi \/&nbsp;Antonio D\u2019Avossa&nbsp;Kunstkritiker, Professor &amp; Curator, Milano, Italien Birgitte Lund \u2013 i balance. Birgitte Lunds kunstneriske arbejde er et klart eksempel p\u00e5 hvordan det er muligt tydeligt at artikulere geometrien og materien, farven og linien, udtrykket og syntaksen, reglen og tilf\u00e6ldet i maleriet selvf\u00f8lgeligt og i balance med hinanden.Der er ogs\u00e5 tydelige referencer til den ... Read more","og_url":"https:\/\/www.birgittelund.com\/antonio-davossa\/","og_site_name":"birgittelund","article_modified_time":"2023-08-10T08:16:13+00:00","twitter_card":"summary_large_image","twitter_misc":{"Estimeret l\u00e6setid":"2 minutter"},"schema":{"@context":"https:\/\/schema.org","@graph":[{"@type":"WebPage","@id":"https:\/\/www.birgittelund.com\/antonio-davossa\/","url":"https:\/\/www.birgittelund.com\/antonio-davossa\/","name":"Antonio D\u2019Avossa - birgittelund","isPartOf":{"@id":"https:\/\/www.birgittelund.com\/#website"},"datePublished":"2023-01-31T00:56:43+00:00","dateModified":"2023-08-10T08:16:13+00:00","breadcrumb":{"@id":"https:\/\/www.birgittelund.com\/antonio-davossa\/#breadcrumb"},"inLanguage":"da-DK","potentialAction":[{"@type":"ReadAction","target":["https:\/\/www.birgittelund.com\/antonio-davossa\/"]}]},{"@type":"BreadcrumbList","@id":"https:\/\/www.birgittelund.com\/antonio-davossa\/#breadcrumb","itemListElement":[{"@type":"ListItem","position":1,"name":"Home","item":"https:\/\/www.birgittelund.com\/"},{"@type":"ListItem","position":2,"name":"Antonio D\u2019Avossa"}]},{"@type":"WebSite","@id":"https:\/\/www.birgittelund.com\/#website","url":"https:\/\/www.birgittelund.com\/","name":"birgittelund","description":"birgittelund","publisher":{"@id":"https:\/\/www.birgittelund.com\/#\/schema\/person\/c4053e6f43a8d7c75c0036d685592195"},"potentialAction":[{"@type":"SearchAction","target":{"@type":"EntryPoint","urlTemplate":"https:\/\/www.birgittelund.com\/?s={search_term_string}"},"query-input":{"@type":"PropertyValueSpecification","valueRequired":true,"valueName":"search_term_string"}}],"inLanguage":"da-DK"},{"@type":["Person","Organization"],"@id":"https:\/\/www.birgittelund.com\/#\/schema\/person\/c4053e6f43a8d7c75c0036d685592195","name":"birgittelund","image":{"@type":"ImageObject","inLanguage":"da-DK","@id":"https:\/\/www.birgittelund.com\/#\/schema\/person\/image\/","url":"https:\/\/www.birgittelund.com\/wp-content\/uploads\/2023\/01\/cropped-cropped-bltop20_srcset-large.jpg","contentUrl":"https:\/\/www.birgittelund.com\/wp-content\/uploads\/2023\/01\/cropped-cropped-bltop20_srcset-large.jpg","width":705,"height":99,"caption":"birgittelund"},"logo":{"@id":"https:\/\/www.birgittelund.com\/#\/schema\/person\/image\/"},"sameAs":["https:\/\/birgittelund.com"]}]}},"_links":{"self":[{"href":"https:\/\/www.birgittelund.com\/dk\/wp-json\/wp\/v2\/pages\/383","targetHints":{"allow":["GET"]}}],"collection":[{"href":"https:\/\/www.birgittelund.com\/dk\/wp-json\/wp\/v2\/pages"}],"about":[{"href":"https:\/\/www.birgittelund.com\/dk\/wp-json\/wp\/v2\/types\/page"}],"author":[{"embeddable":true,"href":"https:\/\/www.birgittelund.com\/dk\/wp-json\/wp\/v2\/users\/1"}],"replies":[{"embeddable":true,"href":"https:\/\/www.birgittelund.com\/dk\/wp-json\/wp\/v2\/comments?post=383"}],"version-history":[{"count":5,"href":"https:\/\/www.birgittelund.com\/dk\/wp-json\/wp\/v2\/pages\/383\/revisions"}],"predecessor-version":[{"id":2287,"href":"https:\/\/www.birgittelund.com\/dk\/wp-json\/wp\/v2\/pages\/383\/revisions\/2287"}],"wp:attachment":[{"href":"https:\/\/www.birgittelund.com\/dk\/wp-json\/wp\/v2\/media?parent=383"}],"curies":[{"name":"wp","href":"https:\/\/api.w.org\/{rel}","templated":true}]}}