{"id":488,"date":"2023-01-31T01:46:07","date_gmt":"2023-01-31T01:46:07","guid":{"rendered":"https:\/\/birgittelund.com\/?page_id=488"},"modified":"2023-01-31T01:47:46","modified_gmt":"2023-01-31T01:47:46","slug":"kristoffer-haugsted","status":"publish","type":"page","link":"https:\/\/www.birgittelund.com\/dk\/kristoffer-haugsted\/","title":{"rendered":"Kristoffer Haugsted"},"content":{"rendered":"<p><\/p>\n<div class=\"contentArea contentAreaD\">\n<article class=\"module text\"><strong>MELLEM RO OG BALANCE <\/strong>\/\u00a0Kristoffer Haugsted<\/p>\n<p>Mit perspektivs rejse synes endnu p\u00e5 vej til at v\u00e6re et sted inde i horisontens svage krumning. Mellem himmel og ord, sagte men samlet i \u00e9n tilstedev\u00e6relse, r\u00e5bt op i d\u00e9t felt, som kalder p\u00e5 mit stille sind. Uden anslag til at jeg b\u00f8r rejse mig for den dybere mening, eller s\u00e6tte mig hen for den sags skyld, <strong>DET BARE ER.<\/strong><\/p>\n<p>Kompositionens kompleksitet og materialernes favn af usagte betydningsrum, komplement\u00e6re til horisontens svimlende perspektiv, rejser en kam af betydning.<\/p>\n<p>Herfra s\u00f8ger jeg at forst\u00e5, hvordan mit udsyn toner sammen med min baggrund. I et \u00f8jeblik tyst og stille, at trancendere den klangbund, hvori jeg bestr\u00e6ber min tilstedev\u00e6relse og jeg b\u00f8jer mig.<\/p>\n<p><strong>T\u00c6T P\u00c5,<\/strong> &#8211; n\u00e6sten fri.<\/p>\n<p>Betaget af at det jeg ser gennem <strong>SK\u00d8NHEDENS KALEIDOSKOPI, <\/strong>der med sin diagramatiske dialektik, afkr\u00e6ver mig dybere forklaringer, ser jeg bort fra essensens klausul og hen mod kroppene i l\u00e6rredet, der langsomt stivner i bev\u00e6gelsens rest. Danner bro mellem tegn og tydning.<\/p>\n<p>En Koreografi der peger imod, med mod, at begribe materialets sarte samspil af potentialer, t\u00e5lmodigt\u00a0 gennem respirationens lag af smerte og behov, for at dykke <strong>UNDER OVERFLADEN. <\/strong>G\u00e5 i dybden og g\u00e5 l\u00f8s p\u00e5 kompromisets monotone ornamentik, i perspektivet af gentagelsens ceremonielle iltning, der slynger kroppens tilsynekomst rundt i l\u00e6rredets geometri, og udskiller noter fyldt af komplekse potentialer<\/p>\n<p><strong>FORDYBET <\/strong>i et vers, som sagte siger til hvor stregen g\u00e5r. G\u00e5r over for at finde hjem, finde tilbage, med et spor der leder tanker p\u00e5 kryds og tv\u00e6rs, i en \u00e5rsag printet ind under hudens sitrende translucens <strong>I<\/strong> <strong>FARVER. <\/strong>Et v\u00e6v af ar, som samler l\u00e6rredet p\u00e5 ny. En kontrakt der maner glemsel til ytring, lader udsagnet st\u00e5, med f\u00f8lgerne af at sl\u00e5 slag for andet end blot at v\u00e6re <strong>I SIG SELV.<\/strong><\/p>\n<p>Med d\u00e9n skaberkraft der findes i en erindrings skumring, hvor sporenes tilsynekomst gl\u00f8der af en taktil sp\u00e6nding, og en mere end pletvis farvem\u00e6ttethed, der lader sig begribe, som noget hvis \u00e5rsag er, et overskud. En kapital I <strong>ET MOMENTUM<\/strong>.<\/p>\n<p>Imellem aktualitetens implicitte tidsl\u00f8shed, elimineres enhver mistanke.<\/p>\n<p>Gennem enheder, der samstemmende s\u00e6tter rum p\u00e5 rum i spil, i mig og hvis konsistens sp\u00e6nder v\u00e6rkets rumkapital ud over serien. Serien <strong>HVIS<\/strong> <strong>SYNERGI<\/strong> <strong>FAVNER EN VERDEN<\/strong> for en stund. Forplanter sig gennem osmosens kraftfulde forvridning, i skismaets sk\u00f8nne skamfering af en umiddelbart banal balance, i et vred, der sl\u00e5r tilbage, og favner mig i slagets dybe omfang, <strong>&#8211; EN YTRING.<\/strong><\/p>\n<p>Skiller tanke fra tegn og typer fra betydning, kaster mig ind i spillet, p\u00e5 billedets egenr\u00e5dige pr\u00e6mis.<\/p>\n<p>En erfaring der med sin repetition, st\u00e5r som en kunstnerisk n\u00f8dvendighed<\/p>\n<p>Billederne tager tid at tage til efterretning, at sl\u00e5 an i retning af det nu, <strong>HVIS<\/strong> <strong>RESONANS KLINGER KLART<\/strong> for det \u00f8jeblik der dv\u00e6les ved.<\/p>\n<p>Som krusninger af fort\u00e6llinger, der rejser sig i subjektive kontrapunkter, mod planets monumentale entydighed. Motivet fastholder mig. En plan der bestr\u00e6ber at foregive en lethed, up\u00e5agtet at hver en tone har en \u00e5rsag, en pr\u00e6mis og et incitament til forundring, en kilde til sp\u00f8rgen, en \u00e5rsag til handling og dermed et motiv for en tilblivelse.<strong> MELLEM RO OG BALANCE<\/strong><\/p>\n<\/article>\n<\/div>\n<div class=\"contentArea contentAreaC\"><\/div>\n<p><\/p>","protected":false},"excerpt":{"rendered":"<p>MELLEM RO OG BALANCE \/\u00a0Kristoffer Haugsted Mit perspektivs rejse synes endnu p\u00e5 vej til at v\u00e6re et sted inde i horisontens svage krumning. Mellem himmel og ord, sagte men samlet i \u00e9n tilstedev\u00e6relse, r\u00e5bt op i d\u00e9t felt, som kalder p\u00e5 mit stille sind. Uden anslag til at jeg b\u00f8r rejse mig for den dybere &#8230; <a title=\"Kristoffer Haugsted\" class=\"read-more\" href=\"https:\/\/www.birgittelund.com\/dk\/kristoffer-haugsted\/\" aria-label=\"More on Kristoffer Haugsted\">Read more<\/a><\/p>\n","protected":false},"author":1,"featured_media":0,"parent":0,"menu_order":0,"comment_status":"closed","ping_status":"closed","template":"","meta":{"ngg_post_thumbnail":0,"footnotes":""},"class_list":["post-488","page","type-page","status-publish"],"yoast_head":"<!-- This site is optimized with the Yoast SEO plugin v25.9 - https:\/\/yoast.com\/wordpress\/plugins\/seo\/ -->\n<title>Kristoffer Haugsted - birgittelund<\/title>\n<meta name=\"robots\" content=\"index, follow, max-snippet:-1, max-image-preview:large, max-video-preview:-1\" \/>\n<link rel=\"canonical\" href=\"https:\/\/www.birgittelund.com\/kristoffer-haugsted\/\" \/>\n<meta property=\"og:locale\" content=\"da_DK\" \/>\n<meta property=\"og:type\" content=\"article\" \/>\n<meta property=\"og:title\" content=\"[:dk]Kristoffer Haugsted[:] - birgittelund\" \/>\n<meta property=\"og:description\" content=\"MELLEM RO OG BALANCE \/\u00a0Kristoffer Haugsted Mit perspektivs rejse synes endnu p\u00e5 vej til at v\u00e6re et sted inde i horisontens svage krumning. Mellem himmel og ord, sagte men samlet i \u00e9n tilstedev\u00e6relse, r\u00e5bt op i d\u00e9t felt, som kalder p\u00e5 mit stille sind. Uden anslag til at jeg b\u00f8r rejse mig for den dybere ... Read more\" \/>\n<meta property=\"og:url\" content=\"https:\/\/www.birgittelund.com\/kristoffer-haugsted\/\" \/>\n<meta property=\"og:site_name\" content=\"birgittelund\" \/>\n<meta property=\"article:modified_time\" content=\"2023-01-31T01:47:46+00:00\" \/>\n<meta name=\"twitter:card\" content=\"summary_large_image\" \/>\n<meta name=\"twitter:label1\" content=\"Estimeret l\u00e6setid\" \/>\n\t<meta name=\"twitter:data1\" content=\"3 minutter\" \/>\n<script type=\"application\/ld+json\" class=\"yoast-schema-graph\">{\"@context\":\"https:\/\/schema.org\",\"@graph\":[{\"@type\":\"WebPage\",\"@id\":\"https:\/\/www.birgittelund.com\/kristoffer-haugsted\/\",\"url\":\"https:\/\/www.birgittelund.com\/kristoffer-haugsted\/\",\"name\":\"[:dk]Kristoffer Haugsted[:] - birgittelund\",\"isPartOf\":{\"@id\":\"https:\/\/www.birgittelund.com\/#website\"},\"datePublished\":\"2023-01-31T01:46:07+00:00\",\"dateModified\":\"2023-01-31T01:47:46+00:00\",\"breadcrumb\":{\"@id\":\"https:\/\/www.birgittelund.com\/kristoffer-haugsted\/#breadcrumb\"},\"inLanguage\":\"da-DK\",\"potentialAction\":[{\"@type\":\"ReadAction\",\"target\":[\"https:\/\/www.birgittelund.com\/kristoffer-haugsted\/\"]}]},{\"@type\":\"BreadcrumbList\",\"@id\":\"https:\/\/www.birgittelund.com\/kristoffer-haugsted\/#breadcrumb\",\"itemListElement\":[{\"@type\":\"ListItem\",\"position\":1,\"name\":\"Home\",\"item\":\"https:\/\/www.birgittelund.com\/\"},{\"@type\":\"ListItem\",\"position\":2,\"name\":\"Kristoffer Haugsted\"}]},{\"@type\":\"WebSite\",\"@id\":\"https:\/\/www.birgittelund.com\/#website\",\"url\":\"https:\/\/www.birgittelund.com\/\",\"name\":\"birgittelund\",\"description\":\"birgittelund\",\"publisher\":{\"@id\":\"https:\/\/www.birgittelund.com\/#\/schema\/person\/c4053e6f43a8d7c75c0036d685592195\"},\"potentialAction\":[{\"@type\":\"SearchAction\",\"target\":{\"@type\":\"EntryPoint\",\"urlTemplate\":\"https:\/\/www.birgittelund.com\/?s={search_term_string}\"},\"query-input\":{\"@type\":\"PropertyValueSpecification\",\"valueRequired\":true,\"valueName\":\"search_term_string\"}}],\"inLanguage\":\"da-DK\"},{\"@type\":[\"Person\",\"Organization\"],\"@id\":\"https:\/\/www.birgittelund.com\/#\/schema\/person\/c4053e6f43a8d7c75c0036d685592195\",\"name\":\"birgittelund\",\"image\":{\"@type\":\"ImageObject\",\"inLanguage\":\"da-DK\",\"@id\":\"https:\/\/www.birgittelund.com\/#\/schema\/person\/image\/\",\"url\":\"https:\/\/www.birgittelund.com\/wp-content\/uploads\/2023\/01\/cropped-cropped-bltop20_srcset-large.jpg\",\"contentUrl\":\"https:\/\/www.birgittelund.com\/wp-content\/uploads\/2023\/01\/cropped-cropped-bltop20_srcset-large.jpg\",\"width\":705,\"height\":99,\"caption\":\"birgittelund\"},\"logo\":{\"@id\":\"https:\/\/www.birgittelund.com\/#\/schema\/person\/image\/\"},\"sameAs\":[\"https:\/\/birgittelund.com\"]}]}<\/script>\n<!-- \/ Yoast SEO plugin. -->","yoast_head_json":{"title":"[:dk]Kristoffer Haugsted[:] - birgittelund","robots":{"index":"index","follow":"follow","max-snippet":"max-snippet:-1","max-image-preview":"max-image-preview:large","max-video-preview":"max-video-preview:-1"},"canonical":"https:\/\/www.birgittelund.com\/kristoffer-haugsted\/","og_locale":"da_DK","og_type":"article","og_title":"[:dk]Kristoffer Haugsted[:] - birgittelund","og_description":"MELLEM RO OG BALANCE \/\u00a0Kristoffer Haugsted Mit perspektivs rejse synes endnu p\u00e5 vej til at v\u00e6re et sted inde i horisontens svage krumning. Mellem himmel og ord, sagte men samlet i \u00e9n tilstedev\u00e6relse, r\u00e5bt op i d\u00e9t felt, som kalder p\u00e5 mit stille sind. Uden anslag til at jeg b\u00f8r rejse mig for den dybere ... Read more","og_url":"https:\/\/www.birgittelund.com\/kristoffer-haugsted\/","og_site_name":"birgittelund","article_modified_time":"2023-01-31T01:47:46+00:00","twitter_card":"summary_large_image","twitter_misc":{"Estimeret l\u00e6setid":"3 minutter"},"schema":{"@context":"https:\/\/schema.org","@graph":[{"@type":"WebPage","@id":"https:\/\/www.birgittelund.com\/kristoffer-haugsted\/","url":"https:\/\/www.birgittelund.com\/kristoffer-haugsted\/","name":"[:dk]Kristoffer Haugsted[:] - birgittelund","isPartOf":{"@id":"https:\/\/www.birgittelund.com\/#website"},"datePublished":"2023-01-31T01:46:07+00:00","dateModified":"2023-01-31T01:47:46+00:00","breadcrumb":{"@id":"https:\/\/www.birgittelund.com\/kristoffer-haugsted\/#breadcrumb"},"inLanguage":"da-DK","potentialAction":[{"@type":"ReadAction","target":["https:\/\/www.birgittelund.com\/kristoffer-haugsted\/"]}]},{"@type":"BreadcrumbList","@id":"https:\/\/www.birgittelund.com\/kristoffer-haugsted\/#breadcrumb","itemListElement":[{"@type":"ListItem","position":1,"name":"Home","item":"https:\/\/www.birgittelund.com\/"},{"@type":"ListItem","position":2,"name":"Kristoffer Haugsted"}]},{"@type":"WebSite","@id":"https:\/\/www.birgittelund.com\/#website","url":"https:\/\/www.birgittelund.com\/","name":"birgittelund","description":"birgittelund","publisher":{"@id":"https:\/\/www.birgittelund.com\/#\/schema\/person\/c4053e6f43a8d7c75c0036d685592195"},"potentialAction":[{"@type":"SearchAction","target":{"@type":"EntryPoint","urlTemplate":"https:\/\/www.birgittelund.com\/?s={search_term_string}"},"query-input":{"@type":"PropertyValueSpecification","valueRequired":true,"valueName":"search_term_string"}}],"inLanguage":"da-DK"},{"@type":["Person","Organization"],"@id":"https:\/\/www.birgittelund.com\/#\/schema\/person\/c4053e6f43a8d7c75c0036d685592195","name":"birgittelund","image":{"@type":"ImageObject","inLanguage":"da-DK","@id":"https:\/\/www.birgittelund.com\/#\/schema\/person\/image\/","url":"https:\/\/www.birgittelund.com\/wp-content\/uploads\/2023\/01\/cropped-cropped-bltop20_srcset-large.jpg","contentUrl":"https:\/\/www.birgittelund.com\/wp-content\/uploads\/2023\/01\/cropped-cropped-bltop20_srcset-large.jpg","width":705,"height":99,"caption":"birgittelund"},"logo":{"@id":"https:\/\/www.birgittelund.com\/#\/schema\/person\/image\/"},"sameAs":["https:\/\/birgittelund.com"]}]}},"_links":{"self":[{"href":"https:\/\/www.birgittelund.com\/dk\/wp-json\/wp\/v2\/pages\/488","targetHints":{"allow":["GET"]}}],"collection":[{"href":"https:\/\/www.birgittelund.com\/dk\/wp-json\/wp\/v2\/pages"}],"about":[{"href":"https:\/\/www.birgittelund.com\/dk\/wp-json\/wp\/v2\/types\/page"}],"author":[{"embeddable":true,"href":"https:\/\/www.birgittelund.com\/dk\/wp-json\/wp\/v2\/users\/1"}],"replies":[{"embeddable":true,"href":"https:\/\/www.birgittelund.com\/dk\/wp-json\/wp\/v2\/comments?post=488"}],"version-history":[{"count":2,"href":"https:\/\/www.birgittelund.com\/dk\/wp-json\/wp\/v2\/pages\/488\/revisions"}],"predecessor-version":[{"id":492,"href":"https:\/\/www.birgittelund.com\/dk\/wp-json\/wp\/v2\/pages\/488\/revisions\/492"}],"wp:attachment":[{"href":"https:\/\/www.birgittelund.com\/dk\/wp-json\/wp\/v2\/media?parent=488"}],"curies":[{"name":"wp","href":"https:\/\/api.w.org\/{rel}","templated":true}]}}