{"id":73,"date":"2023-01-25T03:56:35","date_gmt":"2023-01-25T03:56:35","guid":{"rendered":"https:\/\/birgittelund.com\/?page_id=73"},"modified":"2023-03-10T06:26:03","modified_gmt":"2023-03-10T06:26:03","slug":"biografi","status":"publish","type":"page","link":"https:\/\/www.birgittelund.com\/dk\/biografi\/","title":{"rendered":"Biografi"},"content":{"rendered":"<div class=\"wp-block-image is-style-default\">\r\n<figure class=\"alignleft size-full is-resized\"><img loading=\"lazy\" decoding=\"async\" class=\"wp-image-361\" src=\"https:\/\/birgittelund.com\/wp-content\/uploads\/2023\/01\/Birgittebioweb20_srcset-large.jpg\" alt=\"\" width=\"436\" height=\"436\" srcset=\"https:\/\/www.birgittelund.com\/wp-content\/uploads\/2023\/01\/Birgittebioweb20_srcset-large.jpg 436w, https:\/\/www.birgittelund.com\/wp-content\/uploads\/2023\/01\/Birgittebioweb20_srcset-large-300x300.jpg 300w, https:\/\/www.birgittelund.com\/wp-content\/uploads\/2023\/01\/Birgittebioweb20_srcset-large-150x150.jpg 150w\" sizes=\"auto, (max-width: 436px) 100vw, 436px\" \/><\/figure>\r\n<\/div>\r\n<p style=\"font-size: 14px; letter-spacing: 0px;\"><strong>Birgitte Lund<\/strong>, f\u00f8dt 1959.<br \/>Studerede tryk\/textil billedkunst p\u00e5 textillinien KADK fra 1979 \u2013 84 og <br \/>Birgitte Lund har siden 1984 udviklet sin kunstneriske praksis indenfor billedkunst, abstrakt konkret maleri med fokus p\u00e5 tekstur og farve<\/br >Hun har siden 2010 v\u00e6ret ansat som kunstformidler og billedskolel\u00e6rer p\u00e5 SMK billedskolel\u00e6rer p\u00e5 Hvidovre Billedskole siden 2012<\/br >Birgitte Lund  har siden 1984 modtaget legater, stipendier og artist in residensies. bla. fra National Bankens Jubil\u00e6umsfond, Knud H\u00f8jg\u00e5rds Fond og Grosserer L.F Foghts Fond. Senest har hun modtaget st\u00f8tte fra 15 Juni Fonden, Refugiet San Cataldo og Statens Kunstfond.<\/br >Birgitte Lund  har udstillet p\u00e5 censurerede udstillinger i DK og i Skandinavien. Har udstillet i galleri regi i Danmark, Norge, Frankrig, Tyskland og USA.<\/br >Birgitte Lunds v\u00e6rker er i private samlinger i Skandinavien, Europa, Asien &#038; U.S.A<\/br >Medlem af BKF<\/br >Birgitte Lund bor og arbejder i K\u00f8benhavn<\/p>\r\n\r\n<div class=\"wp-block-columns is-layout-flex wp-container-core-columns-is-layout-9d6595d7 wp-block-columns-is-layout-flex\">\r\n<div class=\"wp-block-column is-layout-flow wp-block-column-is-layout-flow\"><\/div>\r\n<\/div>","protected":false},"excerpt":{"rendered":"<p>Birgitte Lund, f\u00f8dt 1959.Studerede tryk\/textil billedkunst p\u00e5 textillinien KADK fra 1979 \u2013 84 og Birgitte Lund har siden 1984 udviklet sin kunstneriske praksis indenfor billedkunst, abstrakt konkret maleri med fokus p\u00e5 tekstur og farveHun har siden 2010 v\u00e6ret ansat som kunstformidler og billedskolel\u00e6rer p\u00e5 SMK billedskolel\u00e6rer p\u00e5 Hvidovre Billedskole siden 2012Birgitte Lund har siden 1984 &#8230; <a title=\"Biografi\" class=\"read-more\" href=\"https:\/\/www.birgittelund.com\/dk\/biografi\/\" aria-label=\"More on Biografi\">Read more<\/a><\/p>\n","protected":false},"author":1,"featured_media":0,"parent":0,"menu_order":0,"comment_status":"closed","ping_status":"closed","template":"","meta":{"ngg_post_thumbnail":0,"footnotes":""},"class_list":["post-73","page","type-page","status-publish"],"yoast_head":"<!-- This site is optimized with the Yoast SEO plugin v25.9 - https:\/\/yoast.com\/wordpress\/plugins\/seo\/ -->\n<title>Biografi - birgittelund<\/title>\n<meta name=\"robots\" content=\"index, follow, max-snippet:-1, max-image-preview:large, max-video-preview:-1\" \/>\n<link rel=\"canonical\" href=\"https:\/\/www.birgittelund.com\/biografi\/\" \/>\n<meta property=\"og:locale\" content=\"da_DK\" \/>\n<meta property=\"og:type\" content=\"article\" \/>\n<meta property=\"og:title\" content=\"[:en]Biography[:dk]Biografi[:] - birgittelund\" \/>\n<meta property=\"og:description\" content=\"Birgitte Lund, f\u00f8dt 1959.Studerede tryk\/textil billedkunst p\u00e5 textillinien KADK fra 1979 \u2013 84 og Birgitte Lund har siden 1984 udviklet sin kunstneriske praksis indenfor billedkunst, abstrakt konkret maleri med fokus p\u00e5 tekstur og farveHun har siden 2010 v\u00e6ret ansat som kunstformidler og billedskolel\u00e6rer p\u00e5 SMK billedskolel\u00e6rer p\u00e5 Hvidovre Billedskole siden 2012Birgitte Lund har siden 1984 ... Read more\" \/>\n<meta property=\"og:url\" content=\"https:\/\/www.birgittelund.com\/biografi\/\" \/>\n<meta property=\"og:site_name\" content=\"birgittelund\" \/>\n<meta property=\"article:modified_time\" content=\"2023-03-10T06:26:03+00:00\" \/>\n<meta property=\"og:image\" content=\"https:\/\/birgittelund.com\/wp-content\/uploads\/2023\/01\/Birgittebioweb20_srcset-large.jpg\" \/>\n<meta name=\"twitter:card\" content=\"summary_large_image\" \/>\n<meta name=\"twitter:label1\" content=\"Estimeret l\u00e6setid\" \/>\n\t<meta name=\"twitter:data1\" content=\"2 minutter\" \/>\n<script type=\"application\/ld+json\" class=\"yoast-schema-graph\">{\"@context\":\"https:\/\/schema.org\",\"@graph\":[{\"@type\":\"WebPage\",\"@id\":\"https:\/\/www.birgittelund.com\/biografi\/\",\"url\":\"https:\/\/www.birgittelund.com\/biografi\/\",\"name\":\"[:en]Biography[:dk]Biografi[:] - birgittelund\",\"isPartOf\":{\"@id\":\"https:\/\/www.birgittelund.com\/#website\"},\"primaryImageOfPage\":{\"@id\":\"https:\/\/www.birgittelund.com\/biografi\/#primaryimage\"},\"image\":{\"@id\":\"https:\/\/www.birgittelund.com\/biografi\/#primaryimage\"},\"thumbnailUrl\":\"https:\/\/birgittelund.com\/wp-content\/uploads\/2023\/01\/Birgittebioweb20_srcset-large.jpg\",\"datePublished\":\"2023-01-25T03:56:35+00:00\",\"dateModified\":\"2023-03-10T06:26:03+00:00\",\"breadcrumb\":{\"@id\":\"https:\/\/www.birgittelund.com\/biografi\/#breadcrumb\"},\"inLanguage\":\"da-DK\",\"potentialAction\":[{\"@type\":\"ReadAction\",\"target\":[\"https:\/\/www.birgittelund.com\/biografi\/\"]}]},{\"@type\":\"ImageObject\",\"inLanguage\":\"da-DK\",\"@id\":\"https:\/\/www.birgittelund.com\/biografi\/#primaryimage\",\"url\":\"https:\/\/birgittelund.com\/wp-content\/uploads\/2023\/01\/Birgittebioweb20_srcset-large.jpg\",\"contentUrl\":\"https:\/\/birgittelund.com\/wp-content\/uploads\/2023\/01\/Birgittebioweb20_srcset-large.jpg\"},{\"@type\":\"BreadcrumbList\",\"@id\":\"https:\/\/www.birgittelund.com\/biografi\/#breadcrumb\",\"itemListElement\":[{\"@type\":\"ListItem\",\"position\":1,\"name\":\"Home\",\"item\":\"https:\/\/www.birgittelund.com\/\"},{\"@type\":\"ListItem\",\"position\":2,\"name\":\"Biography\"}]},{\"@type\":\"WebSite\",\"@id\":\"https:\/\/www.birgittelund.com\/#website\",\"url\":\"https:\/\/www.birgittelund.com\/\",\"name\":\"birgittelund\",\"description\":\"birgittelund\",\"publisher\":{\"@id\":\"https:\/\/www.birgittelund.com\/#\/schema\/person\/c4053e6f43a8d7c75c0036d685592195\"},\"potentialAction\":[{\"@type\":\"SearchAction\",\"target\":{\"@type\":\"EntryPoint\",\"urlTemplate\":\"https:\/\/www.birgittelund.com\/?s={search_term_string}\"},\"query-input\":{\"@type\":\"PropertyValueSpecification\",\"valueRequired\":true,\"valueName\":\"search_term_string\"}}],\"inLanguage\":\"da-DK\"},{\"@type\":[\"Person\",\"Organization\"],\"@id\":\"https:\/\/www.birgittelund.com\/#\/schema\/person\/c4053e6f43a8d7c75c0036d685592195\",\"name\":\"birgittelund\",\"image\":{\"@type\":\"ImageObject\",\"inLanguage\":\"da-DK\",\"@id\":\"https:\/\/www.birgittelund.com\/#\/schema\/person\/image\/\",\"url\":\"https:\/\/www.birgittelund.com\/wp-content\/uploads\/2023\/01\/cropped-cropped-bltop20_srcset-large.jpg\",\"contentUrl\":\"https:\/\/www.birgittelund.com\/wp-content\/uploads\/2023\/01\/cropped-cropped-bltop20_srcset-large.jpg\",\"width\":705,\"height\":99,\"caption\":\"birgittelund\"},\"logo\":{\"@id\":\"https:\/\/www.birgittelund.com\/#\/schema\/person\/image\/\"},\"sameAs\":[\"https:\/\/birgittelund.com\"]}]}<\/script>\n<!-- \/ Yoast SEO plugin. -->","yoast_head_json":{"title":"[:en]Biography[:dk]Biografi[:] - birgittelund","robots":{"index":"index","follow":"follow","max-snippet":"max-snippet:-1","max-image-preview":"max-image-preview:large","max-video-preview":"max-video-preview:-1"},"canonical":"https:\/\/www.birgittelund.com\/biografi\/","og_locale":"da_DK","og_type":"article","og_title":"[:en]Biography[:dk]Biografi[:] - birgittelund","og_description":"Birgitte Lund, f\u00f8dt 1959.Studerede tryk\/textil billedkunst p\u00e5 textillinien KADK fra 1979 \u2013 84 og Birgitte Lund har siden 1984 udviklet sin kunstneriske praksis indenfor billedkunst, abstrakt konkret maleri med fokus p\u00e5 tekstur og farveHun har siden 2010 v\u00e6ret ansat som kunstformidler og billedskolel\u00e6rer p\u00e5 SMK billedskolel\u00e6rer p\u00e5 Hvidovre Billedskole siden 2012Birgitte Lund har siden 1984 ... Read more","og_url":"https:\/\/www.birgittelund.com\/biografi\/","og_site_name":"birgittelund","article_modified_time":"2023-03-10T06:26:03+00:00","og_image":[{"url":"https:\/\/birgittelund.com\/wp-content\/uploads\/2023\/01\/Birgittebioweb20_srcset-large.jpg","type":"","width":"","height":""}],"twitter_card":"summary_large_image","twitter_misc":{"Estimeret l\u00e6setid":"2 minutter"},"schema":{"@context":"https:\/\/schema.org","@graph":[{"@type":"WebPage","@id":"https:\/\/www.birgittelund.com\/biografi\/","url":"https:\/\/www.birgittelund.com\/biografi\/","name":"[:en]Biography[:dk]Biografi[:] - birgittelund","isPartOf":{"@id":"https:\/\/www.birgittelund.com\/#website"},"primaryImageOfPage":{"@id":"https:\/\/www.birgittelund.com\/biografi\/#primaryimage"},"image":{"@id":"https:\/\/www.birgittelund.com\/biografi\/#primaryimage"},"thumbnailUrl":"https:\/\/birgittelund.com\/wp-content\/uploads\/2023\/01\/Birgittebioweb20_srcset-large.jpg","datePublished":"2023-01-25T03:56:35+00:00","dateModified":"2023-03-10T06:26:03+00:00","breadcrumb":{"@id":"https:\/\/www.birgittelund.com\/biografi\/#breadcrumb"},"inLanguage":"da-DK","potentialAction":[{"@type":"ReadAction","target":["https:\/\/www.birgittelund.com\/biografi\/"]}]},{"@type":"ImageObject","inLanguage":"da-DK","@id":"https:\/\/www.birgittelund.com\/biografi\/#primaryimage","url":"https:\/\/birgittelund.com\/wp-content\/uploads\/2023\/01\/Birgittebioweb20_srcset-large.jpg","contentUrl":"https:\/\/birgittelund.com\/wp-content\/uploads\/2023\/01\/Birgittebioweb20_srcset-large.jpg"},{"@type":"BreadcrumbList","@id":"https:\/\/www.birgittelund.com\/biografi\/#breadcrumb","itemListElement":[{"@type":"ListItem","position":1,"name":"Home","item":"https:\/\/www.birgittelund.com\/"},{"@type":"ListItem","position":2,"name":"Biography"}]},{"@type":"WebSite","@id":"https:\/\/www.birgittelund.com\/#website","url":"https:\/\/www.birgittelund.com\/","name":"birgittelund","description":"birgittelund","publisher":{"@id":"https:\/\/www.birgittelund.com\/#\/schema\/person\/c4053e6f43a8d7c75c0036d685592195"},"potentialAction":[{"@type":"SearchAction","target":{"@type":"EntryPoint","urlTemplate":"https:\/\/www.birgittelund.com\/?s={search_term_string}"},"query-input":{"@type":"PropertyValueSpecification","valueRequired":true,"valueName":"search_term_string"}}],"inLanguage":"da-DK"},{"@type":["Person","Organization"],"@id":"https:\/\/www.birgittelund.com\/#\/schema\/person\/c4053e6f43a8d7c75c0036d685592195","name":"birgittelund","image":{"@type":"ImageObject","inLanguage":"da-DK","@id":"https:\/\/www.birgittelund.com\/#\/schema\/person\/image\/","url":"https:\/\/www.birgittelund.com\/wp-content\/uploads\/2023\/01\/cropped-cropped-bltop20_srcset-large.jpg","contentUrl":"https:\/\/www.birgittelund.com\/wp-content\/uploads\/2023\/01\/cropped-cropped-bltop20_srcset-large.jpg","width":705,"height":99,"caption":"birgittelund"},"logo":{"@id":"https:\/\/www.birgittelund.com\/#\/schema\/person\/image\/"},"sameAs":["https:\/\/birgittelund.com"]}]}},"_links":{"self":[{"href":"https:\/\/www.birgittelund.com\/dk\/wp-json\/wp\/v2\/pages\/73","targetHints":{"allow":["GET"]}}],"collection":[{"href":"https:\/\/www.birgittelund.com\/dk\/wp-json\/wp\/v2\/pages"}],"about":[{"href":"https:\/\/www.birgittelund.com\/dk\/wp-json\/wp\/v2\/types\/page"}],"author":[{"embeddable":true,"href":"https:\/\/www.birgittelund.com\/dk\/wp-json\/wp\/v2\/users\/1"}],"replies":[{"embeddable":true,"href":"https:\/\/www.birgittelund.com\/dk\/wp-json\/wp\/v2\/comments?post=73"}],"version-history":[{"count":38,"href":"https:\/\/www.birgittelund.com\/dk\/wp-json\/wp\/v2\/pages\/73\/revisions"}],"predecessor-version":[{"id":957,"href":"https:\/\/www.birgittelund.com\/dk\/wp-json\/wp\/v2\/pages\/73\/revisions\/957"}],"wp:attachment":[{"href":"https:\/\/www.birgittelund.com\/dk\/wp-json\/wp\/v2\/media?parent=73"}],"curies":[{"name":"wp","href":"https:\/\/api.w.org\/{rel}","templated":true}]}}